{"id":1956,"date":"2021-01-19T10:31:57","date_gmt":"2021-01-19T09:31:57","guid":{"rendered":"http:\/\/www.bks-knives.com\/?page_id=1956"},"modified":"2021-01-19T10:31:57","modified_gmt":"2021-01-19T09:31:57","slug":"algemene-verkoopsvoorwaarden","status":"publish","type":"page","link":"https:\/\/www.bks-knives.com\/nl\/algemene-verkoopsvoorwaarden\/","title":{"rendered":"Algemene verkoopsvoorwaarden"},"content":{"rendered":"<p><strong>CONDITIONS GENERALES DE VENTE<\/strong><\/p>\n<p>1. Sauf d\u00e9rogation conventionnelle expresse et \u00e9crite, toutes nos ventes se font aux conditions mentionn\u00e9es ci-dessous. Les<br \/>\nconditions de nos clients sont \u00e9cart\u00e9es en ce qu\u2019elles ont de contraire aux n\u00f4tres.<br \/>\n2. Toute commande prise, ou convention propos\u00e9e par nos agents ou repr\u00e9sentants, n\u2019est valable qu\u2019apr\u00e8s votre confirmation \u00e9crite.<br \/>\n3. Aucune commande ne pourra \u00eatre annul\u00e9e ni donner lieu \u00e0 dommages et int\u00e9r\u00eats pour retard de livraison, nos d\u00e9lais n\u2019\u00e9tant<br \/>\ndonn\u00e9s qu\u2019\u00e0 titre indicatif et sans garantie.<br \/>\n4. Les marchandises voyagent aux risques et p\u00e9rils du destinataire, m\u00eame lorsqu\u2019elles sont exp\u00e9di\u00e9es franco. Toute r\u00e9clamation doit<br \/>\n\u00eatre faite par \u00e9crit dans les huit jours de la fourniture, le cachet de la poste faisant foi. Les frais de port et d\u2019emballage sont \u00e0<br \/>\ncharge du client.<br \/>\n5. Aucune responsabilit\u00e9 et aucun risque ne sont pris pour l\u2019outil qui nous est confi\u00e9 \u00e0 aiguiser, \u00e0 ajuster ou simplement \u00e0 conserver.<br \/>\n6. La garantie est seulement donn\u00e9e pour le remplacement des pi\u00e8ces d\u00e9fectueuses et ne contient aucun autre engagement.<br \/>\n7. Pour toutes commandes inf\u00e9rieures \u00e0 500 \u20ac, BKS se r\u00e9serve le droit de majorer la facture de 25 \u20ac de frais administratifs.<br \/>\n8. Sauf stipulation contraire, les factures sont payables \u00e0 nos bureaux de Lambermont, au comptant, net et sans escompte \u00e0 la<br \/>\nr\u00e9ception des marchandises.<br \/>\n9. Les factures impay\u00e9es \u00e0 leur \u00e9ch\u00e9ance portent int\u00e9r\u00eat au taux de 12% par an ; en outre, et \u00e9galement \u00e0 titre de dommages et<br \/>\nint\u00e9r\u00eats moratoires, le montant des factures sera major\u00e9 de 15% avec minimum de 25\u20ac. Ces dommages et int\u00e9r\u00eats sont dus de<br \/>\nplein droit et sans mise en demeure ; ils ne feront pas obstacle au droit du d\u00e9biteur de b\u00e9n\u00e9ficier \u00e9ventuellement de l\u2019article 1.244<br \/>\ndu Code Civil.<br \/>\n10. Tout retard de paiement nous autorise \u00e0 mettre fin \u00e0 tout contrat en cours, sans devoir aucune indemnit\u00e9 de ce chef, mais sans<br \/>\nrenonciation au paiement de dommages et int\u00e9r\u00eats.<br \/>\n11. L\u2019\u00e9mission de traites, de ch\u00e8ques, de mandats et d\u2019autres effets de commerce n\u2019entra\u00eenera en aucun cas une novation de la dette.<br \/>\nLa seule loi applicable \u00e0 la pr\u00e9sente est la loi belge. En cas de recours en justice, les tribunaux de l\u2019arrondissement de Verviers<br \/>\nsont seuls comp\u00e9tents.<br \/>\n12. Les marchandises restent notre propri\u00e9t\u00e9 jusqu\u2019au paiement int\u00e9gral.<\/p>\n<p><strong>ALGEMENE VERKOOPSVOORWAARDEN<\/strong><\/p>\n<p>1. Al onze verkopen, werken, leveringen en diensten geschieden op de hierna volgende voorwaarden ; andersluidende voorwaarden<br \/>\nvan de klant worden niet aanvaard, tenzij uitdrukkelijk overeengekomen en schriftelijk bevestigd.<br \/>\n2. Elke bestelling genoteerd of overeenkomst voorgesteld door onze vertegenwoordigers is slechts geldig na schriftelijke bevestiging.<br \/>\n3. Onze leveringstermijnen zijn slechts vooruitzichten en kunnen in geen geval aanleiding geven tot vernietiging van de bestelling<br \/>\nvanwege de klant noch tot vervolging tot schadeloosstelling.<br \/>\n4. De goederen reizen op risico van de aankoper, zelfs bij franco levering. Om geldig te zijn, moeten de klachten schriftelijk gedaan<br \/>\nworden binnen de 8 dagen na levering. Verpakkings- en verzendkosten zijn ten laste van de klant.<br \/>\n5. Wij nemen geen verantwoordelijkheid voor en risico&#8217;s op gelijk welke goederen die ons toevertrouwd zijn om te slijpen, aan te<br \/>\npassen, te bewerken of gewoon te bewaren.<br \/>\n6. De waarborg geldt enkel voor de vervanging van gebrekkige stukken en houdt geen andere verbintenis in.<br \/>\n7. Bij bestellingen onder 500 \u20ac houdt BKS zich het recht voor administratieve kosten aan te rekenen van 25 \u20ac.<br \/>\n8. Indien niet anders aangegeven, zijn al onze fakturen betaalbaar te Lambermont, netto en zonder korting bij de ontvangst van de<br \/>\ngoederen.<br \/>\n9. Alle rekeningen die op de vervaldag niet betaald zijn, dragen een nalatigheidinterest van 12% per jaar ; bovendien zal bij nietbetaling<br \/>\nop de vervaldag het bedrag ambtshalve met 15% worden verhoogd \u2013 met een minimum van 25 \u20ac &#8211; ten titel van<br \/>\nconventioneel strafbeding. Deze schadevergoeding is ons zonder enige sommatie schuldig, zonder dat ze een beletsel vormt voor<br \/>\nde eventuele toepassing van Art. 1244 van het Burgerlijk Wetboek.<br \/>\n10. Elke rekening die op de vervaldag niet betaald is, geeft ons het recht om alle lopende kontrakten te be\u00ebindigen, en dit zonder<br \/>\nvergoedingen, maar zonder verzaking van betaling van schadevergoeding.<br \/>\n11. Wissels, cheques, mandaten of andere handelspapieren brengen in geen geval schuldvernieuwing met zich mede. De<br \/>\nrechtbanken van het arrondissement van Verviers zijn alleen bevoegd om gebeurlijke geschillen op te lossen.<br \/>\n12. Die goederen blijven onze eigendom tot totale betaling.<\/p>\n<p><strong>ALLGEMEINE VERKAUFSBEDINGUNGEN<\/strong><\/p>\n<p>1. Allen Vereinbarungen liegen ausschlie\u00dflich nachfolgende Bedingen zu Grunde; abweichende Bedingungen des Bestellers, die<br \/>\nnicht ausdr\u00fccklich schriftlich anerkannt werden, sind nicht verbindlich.<br \/>\n2. Gesch\u00e4fte und sonstige Abmachungen die durch unsere Vertreter oder Angestellten vermittelt werden, sind erst dann f\u00fcr uns<br \/>\nverbindlich, wenn wir diese schriftlich best\u00e4tigt haben.<br \/>\n3. Die Lieferzeit gilt als nur ann\u00e4hernd vereinbart. Bei Lieferverzug ist der Besteller nicht berechtigt vom Vertrag zur\u00fcckzutreten oder<br \/>\nSchadenersatzanspr\u00fcche zu stellen.<br \/>\n4. Die Warenversand erfolgt in allen F\u00e4llen auf Gefahr des Empf\u00e4ngers, auch dann, wenn der Preis aufgrund besonderer<br \/>\nVereinbarungen frei Bestimmungsort gestellt ist. M\u00e4ngelr\u00fcgen hinsichtlich unserer Lieferungen m\u00fcssen sp\u00e4testens 8 Tage nach<br \/>\nEingang der Ware am Bestimmungsort schriftlich bei uns angemeldet werden. Die Versand- und Verpackungskosten gehen zu<br \/>\nlasten des Bestellers.<br \/>\n5. Anspr\u00fcche aus Sch\u00e4den an Mustern, Modellen, und Werkzeugen, die der Abnehmer uns zur Verf\u00fcgung gestellt hat, k\u00f6nnen nicht<br \/>\ngeltend gemacht werden.<br \/>\n6. Bei begr\u00fcndeten Reklamationen behalten wir uns vor kostenfreien Ersatz zu liefern, lehnen jedoch jede weiteren Anspr\u00fcche ab.<br \/>\n7. Bei Bestellungen unter 500 \u20ac behalten wir uns das Recht vor eine Bearbeitungsgeb\u00fchr von 25 \u20ac zu erheben.<br \/>\n8. Wenn nichts anderes vereinbart, sind alle Rechnungen innerhalb 30 Tagen nach Eingang der Ware netto ohne Abzug in<br \/>\nLambermont zahlbar.<br \/>\n9. Bei Ziel\u00fcberschreitung sind wir berechtigt, ab F\u00e4lligkeit 12% Zinsen und Spesen pro Jahr zu berechnen ; au\u00dferdem sind wir<br \/>\nberechtigt Verzugszinsen von 15% &#8211; mindestens jedoch 25 \u20ac &#8211; zu berechnen, ohne dass es einer besonderen Mahnung bedarf und<br \/>\nohne den Artikel 1.244 vom B\u00fcrgerlichen Gesetzbuch (BGB) au\u00dfer Kraft zu setzen.<br \/>\n10. Bei Zahlungsverzug ist der Lieferer berechtigt von laufenden Vertr\u00e4gen zur\u00fcckzutreten uns Schadenersatz zu verlangen.<br \/>\n11. Die Ausgabe von Wechseln, Schecks, Anweisungen und anderen Handelspapieren wird in keinem Fall eine Schuldumwandlung<br \/>\nzur Folge haben. F\u00fcr alle eventuellen Rechtsstreitigkeiten zwischen uns und dem Abnehmer gilt nur das Ma\u00dfgebende Recht<br \/>\nBelgiens und sind ausschlie\u00dflich die Gerichte des Bezirks von Verviers zust\u00e4ndig.<br \/>\n12. Alle von uns gelieferten Waren bleiben unser Eigentum bis zur Erf\u00fcllung aller unserer Forderungen gleich welcher Art gegen den<br \/>\nAbnehmer.<\/p>\n","protected":false},"excerpt":{"rendered":"<p>CONDITIONS GENERALES DE VENTE 1. Sauf d\u00e9rogation conventionnelle expresse et \u00e9crite, toutes nos ventes se font aux conditions mentionn\u00e9es ci-dessous. Les conditions de nos clients sont \u00e9cart\u00e9es en ce qu\u2019elles ont de contraire aux n\u00f4tres. 2. Toute commande prise, ou convention propos\u00e9e par nos agents ou repr\u00e9sentants, n\u2019est valable qu\u2019apr\u00e8s votre confirmation \u00e9crite. 3. Aucune [&hellip;]<\/p>\n","protected":false},"author":4,"featured_media":0,"parent":0,"menu_order":71,"comment_status":"closed","ping_status":"closed","template":"","meta":[],"yoast_head":"<!-- This site is optimized with the Yoast SEO plugin v15.7 - https:\/\/yoast.com\/wordpress\/plugins\/seo\/ -->\n<title>Algemene verkoopsvoorwaarden &ndash; BKS<\/title>\n<meta name=\"robots\" content=\"noindex, follow\" \/>\n<meta property=\"og:locale\" content=\"nl_NL\" \/>\n<meta property=\"og:type\" content=\"article\" \/>\n<meta property=\"og:title\" content=\"Algemene verkoopsvoorwaarden &ndash; BKS\" \/>\n<meta property=\"og:description\" content=\"CONDITIONS GENERALES DE VENTE 1. Sauf d\u00e9rogation conventionnelle expresse et \u00e9crite, toutes nos ventes se font aux conditions mentionn\u00e9es ci-dessous. Les conditions de nos clients sont \u00e9cart\u00e9es en ce qu\u2019elles ont de contraire aux n\u00f4tres. 2. Toute commande prise, ou convention propos\u00e9e par nos agents ou repr\u00e9sentants, n\u2019est valable qu\u2019apr\u00e8s votre confirmation \u00e9crite. 3. Aucune [&hellip;]\" \/>\n<meta property=\"og:url\" content=\"https:\/\/www.bks-knives.com\/nl\/algemene-verkoopsvoorwaarden\/\" \/>\n<meta property=\"og:site_name\" content=\"BKS\" \/>\n<meta property=\"article:publisher\" content=\"https:\/\/www.facebook.com\/BKS-Industrial-Knives-Pelletizing-Knives-400232496659924\/\" \/>\n<meta property=\"og:image\" content=\"https:\/\/www.bks-knives.com\/content\/uploads\/2019\/05\/bks_knives_FB.jpg\" \/>\n\t<meta property=\"og:image:width\" content=\"1908\" \/>\n\t<meta property=\"og:image:height\" content=\"941\" \/>\n<meta name=\"twitter:card\" content=\"summary_large_image\" \/>\n<meta name=\"twitter:label1\" content=\"Geschatte leestijd\">\n\t<meta name=\"twitter:data1\" content=\"5 minuten\">\n<script type=\"application\/ld+json\" class=\"yoast-schema-graph\">{\"@context\":\"https:\/\/schema.org\",\"@graph\":[{\"@type\":\"Organization\",\"@id\":\"https:\/\/www.bks-knives.com\/th\/#organization\",\"name\":\"BKS\",\"url\":\"https:\/\/www.bks-knives.com\/th\/\",\"sameAs\":[\"https:\/\/www.facebook.com\/BKS-Industrial-Knives-Pelletizing-Knives-400232496659924\/\",\"https:\/\/www.linkedin.com\/company\/b-k-s-\/?trk=ppro_cprof\"],\"logo\":{\"@type\":\"ImageObject\",\"@id\":\"https:\/\/www.bks-knives.com\/th\/#logo\",\"inLanguage\":\"nl\",\"url\":\"https:\/\/www.bks-knives.com\/content\/uploads\/2018\/05\/bks-logo.png\",\"width\":178,\"height\":112,\"caption\":\"BKS\"},\"image\":{\"@id\":\"https:\/\/www.bks-knives.com\/th\/#logo\"}},{\"@type\":\"WebSite\",\"@id\":\"https:\/\/www.bks-knives.com\/th\/#website\",\"url\":\"https:\/\/www.bks-knives.com\/th\/\",\"name\":\"BKS\",\"description\":\"High end partner for all industrial cutting processes\",\"publisher\":{\"@id\":\"https:\/\/www.bks-knives.com\/th\/#organization\"},\"potentialAction\":[{\"@type\":\"SearchAction\",\"target\":\"https:\/\/www.bks-knives.com\/th\/?s={search_term_string}\",\"query-input\":\"required name=search_term_string\"}],\"inLanguage\":\"nl\"},{\"@type\":\"WebPage\",\"@id\":\"https:\/\/www.bks-knives.com\/nl\/algemene-verkoopsvoorwaarden\/#webpage\",\"url\":\"https:\/\/www.bks-knives.com\/nl\/algemene-verkoopsvoorwaarden\/\",\"name\":\"Algemene verkoopsvoorwaarden &ndash; BKS\",\"isPartOf\":{\"@id\":\"https:\/\/www.bks-knives.com\/th\/#website\"},\"datePublished\":\"2021-01-19T09:31:57+00:00\",\"dateModified\":\"2021-01-19T09:31:57+00:00\",\"breadcrumb\":{\"@id\":\"https:\/\/www.bks-knives.com\/nl\/algemene-verkoopsvoorwaarden\/#breadcrumb\"},\"inLanguage\":\"nl\",\"potentialAction\":[{\"@type\":\"ReadAction\",\"target\":[\"https:\/\/www.bks-knives.com\/nl\/algemene-verkoopsvoorwaarden\/\"]}]},{\"@type\":\"BreadcrumbList\",\"@id\":\"https:\/\/www.bks-knives.com\/nl\/algemene-verkoopsvoorwaarden\/#breadcrumb\",\"itemListElement\":[{\"@type\":\"ListItem\",\"position\":1,\"item\":{\"@type\":\"WebPage\",\"@id\":\"https:\/\/www.bks-knives.com\/nl\/\",\"url\":\"https:\/\/www.bks-knives.com\/nl\/\",\"name\":\"Home\"}},{\"@type\":\"ListItem\",\"position\":2,\"item\":{\"@type\":\"WebPage\",\"@id\":\"https:\/\/www.bks-knives.com\/nl\/algemene-verkoopsvoorwaarden\/\",\"url\":\"https:\/\/www.bks-knives.com\/nl\/algemene-verkoopsvoorwaarden\/\",\"name\":\"Algemene verkoopsvoorwaarden\"}}]}]}<\/script>\n<!-- \/ Yoast SEO plugin. -->","_links":{"self":[{"href":"https:\/\/www.bks-knives.com\/nl\/wp-json\/wp\/v2\/pages\/1956"}],"collection":[{"href":"https:\/\/www.bks-knives.com\/nl\/wp-json\/wp\/v2\/pages"}],"about":[{"href":"https:\/\/www.bks-knives.com\/nl\/wp-json\/wp\/v2\/types\/page"}],"author":[{"embeddable":true,"href":"https:\/\/www.bks-knives.com\/nl\/wp-json\/wp\/v2\/users\/4"}],"replies":[{"embeddable":true,"href":"https:\/\/www.bks-knives.com\/nl\/wp-json\/wp\/v2\/comments?post=1956"}],"version-history":[{"count":1,"href":"https:\/\/www.bks-knives.com\/nl\/wp-json\/wp\/v2\/pages\/1956\/revisions"}],"predecessor-version":[{"id":1957,"href":"https:\/\/www.bks-knives.com\/nl\/wp-json\/wp\/v2\/pages\/1956\/revisions\/1957"}],"wp:attachment":[{"href":"https:\/\/www.bks-knives.com\/nl\/wp-json\/wp\/v2\/media?parent=1956"}],"curies":[{"name":"wp","href":"https:\/\/api.w.org\/{rel}","templated":true}]}}