{"id":1945,"date":"2021-01-19T09:59:59","date_gmt":"2021-01-19T08:59:59","guid":{"rendered":"http:\/\/www.bks-knives.com\/?page_id=1945"},"modified":"2021-01-19T11:50:44","modified_gmt":"2021-01-19T10:50:44","slug":"team","status":"publish","type":"page","link":"https:\/\/www.bks-knives.com\/nl\/team\/","title":{"rendered":"Team"},"content":{"rendered":"<p>BKS is in 1983 opgericht als een kleine handelsbedrijf, en is ge\u00ebvolueerd naar een internationaal bedrijf met 50 hoog gekwalificeerde werknemers, werkend in Belgi\u00eb, Luxemburg, Indonesi\u00eb en Thailand<\/p>\n<p>Al onze collega\u2019s delen een gemeenschappelijke visie:<\/p>\n<p><strong>uw voorkeurpartner zijn voor al uw industri\u00eble snijtoepassingen !<\/strong><\/p>\n<p>Ons multicultureel team is samengesteld uit hard werkende, open minded, en natuurlijk zeer accurate mensen. De overgrote meerderheid is sportief, met regelmatige deelnames aan loop- en fietswedstrijden, fitness, \u2026.. (een gezonde geest in een gezond lichaam)<\/p>\n<p>Deel uit maken van ons team, houdt in dat men zich 100% aan onze 4 kern waarden hecht: <strong>Klanten tevredenheid, integriteit, uitmuntendheid, creativiteit<\/strong>.<\/p>\n<p>Werken bij BKS staat garant voor een prettige werkomgeving met een vlakke\/horizontale structuur, dynamische collega\u2019s, flexibiliteit, en unieke projecten. Interesse om ons te vervoegen ? <a href=\"https:\/\/www.bks-knives.com\/jobs\/\">neem een kijkje naar onderstaande vacatures<\/a> en contacteer ons!<\/p>\n","protected":false},"excerpt":{"rendered":"<p>BKS is in 1983 opgericht als een kleine handelsbedrijf, en is ge\u00ebvolueerd naar een internationaal bedrijf met 50 hoog gekwalificeerde werknemers, werkend in Belgi\u00eb, Luxemburg, Indonesi\u00eb en Thailand Al onze collega\u2019s delen een gemeenschappelijke visie: uw voorkeurpartner zijn voor al uw industri\u00eble snijtoepassingen ! Ons multicultureel team is samengesteld uit hard werkende, open minded, en [&hellip;]<\/p>\n","protected":false},"author":4,"featured_media":0,"parent":0,"menu_order":82,"comment_status":"closed","ping_status":"closed","template":"template-jobs.php","meta":[],"yoast_head":"<!-- This site is optimized with the Yoast SEO plugin v15.7 - https:\/\/yoast.com\/wordpress\/plugins\/seo\/ -->\n<title>Meet our team - Messen en rotoren specialist &ndash; BKS<\/title>\n<meta name=\"description\" content=\"Soliciteer bij BKS! Wil je meewerken aan het uitbreiding en success van een state of the art bedrijf? contacteer ons gerust!\" \/>\n<meta name=\"robots\" content=\"index, follow, max-snippet:-1, max-image-preview:large, max-video-preview:-1\" \/>\n<link rel=\"canonical\" href=\"https:\/\/www.bks-knives.com\/nl\/team\/\" \/>\n<meta property=\"og:locale\" content=\"nl_NL\" \/>\n<meta property=\"og:type\" content=\"article\" \/>\n<meta property=\"og:title\" content=\"Meet our team - Messen en rotoren specialist &ndash; BKS\" \/>\n<meta property=\"og:description\" content=\"Soliciteer bij BKS! Wil je meewerken aan het uitbreiding en success van een state of the art bedrijf? contacteer ons gerust!\" \/>\n<meta property=\"og:url\" content=\"https:\/\/www.bks-knives.com\/nl\/team\/\" \/>\n<meta property=\"og:site_name\" content=\"BKS\" \/>\n<meta property=\"article:publisher\" content=\"https:\/\/www.facebook.com\/BKS-Industrial-Knives-Pelletizing-Knives-400232496659924\/\" \/>\n<meta property=\"article:modified_time\" content=\"2021-01-19T10:50:44+00:00\" \/>\n<meta property=\"og:image\" content=\"https:\/\/www.bks-knives.com\/content\/uploads\/2019\/05\/bks_knives_FB.jpg\" \/>\n\t<meta property=\"og:image:width\" content=\"1908\" \/>\n\t<meta property=\"og:image:height\" content=\"941\" \/>\n<meta name=\"twitter:card\" content=\"summary_large_image\" \/>\n<meta name=\"twitter:label1\" content=\"Geschatte leestijd\">\n\t<meta name=\"twitter:data1\" content=\"1 minuut\">\n<script type=\"application\/ld+json\" class=\"yoast-schema-graph\">{\"@context\":\"https:\/\/schema.org\",\"@graph\":[{\"@type\":\"Organization\",\"@id\":\"https:\/\/www.bks-knives.com\/th\/#organization\",\"name\":\"BKS\",\"url\":\"https:\/\/www.bks-knives.com\/th\/\",\"sameAs\":[\"https:\/\/www.facebook.com\/BKS-Industrial-Knives-Pelletizing-Knives-400232496659924\/\",\"https:\/\/www.linkedin.com\/company\/b-k-s-\/?trk=ppro_cprof\"],\"logo\":{\"@type\":\"ImageObject\",\"@id\":\"https:\/\/www.bks-knives.com\/th\/#logo\",\"inLanguage\":\"nl\",\"url\":\"https:\/\/www.bks-knives.com\/content\/uploads\/2018\/05\/bks-logo.png\",\"width\":178,\"height\":112,\"caption\":\"BKS\"},\"image\":{\"@id\":\"https:\/\/www.bks-knives.com\/th\/#logo\"}},{\"@type\":\"WebSite\",\"@id\":\"https:\/\/www.bks-knives.com\/th\/#website\",\"url\":\"https:\/\/www.bks-knives.com\/th\/\",\"name\":\"BKS\",\"description\":\"High end partner for all industrial cutting processes\",\"publisher\":{\"@id\":\"https:\/\/www.bks-knives.com\/th\/#organization\"},\"potentialAction\":[{\"@type\":\"SearchAction\",\"target\":\"https:\/\/www.bks-knives.com\/th\/?s={search_term_string}\",\"query-input\":\"required name=search_term_string\"}],\"inLanguage\":\"nl\"},{\"@type\":\"WebPage\",\"@id\":\"https:\/\/www.bks-knives.com\/nl\/team\/#webpage\",\"url\":\"https:\/\/www.bks-knives.com\/nl\/team\/\",\"name\":\"Meet our team - Messen en rotoren specialist &ndash; BKS\",\"isPartOf\":{\"@id\":\"https:\/\/www.bks-knives.com\/th\/#website\"},\"datePublished\":\"2021-01-19T08:59:59+00:00\",\"dateModified\":\"2021-01-19T10:50:44+00:00\",\"description\":\"Soliciteer bij BKS! Wil je meewerken aan het uitbreiding en success van een state of the art bedrijf? contacteer ons gerust!\",\"breadcrumb\":{\"@id\":\"https:\/\/www.bks-knives.com\/nl\/team\/#breadcrumb\"},\"inLanguage\":\"nl\",\"potentialAction\":[{\"@type\":\"ReadAction\",\"target\":[\"https:\/\/www.bks-knives.com\/nl\/team\/\"]}]},{\"@type\":\"BreadcrumbList\",\"@id\":\"https:\/\/www.bks-knives.com\/nl\/team\/#breadcrumb\",\"itemListElement\":[{\"@type\":\"ListItem\",\"position\":1,\"item\":{\"@type\":\"WebPage\",\"@id\":\"https:\/\/www.bks-knives.com\/nl\/\",\"url\":\"https:\/\/www.bks-knives.com\/nl\/\",\"name\":\"Home\"}},{\"@type\":\"ListItem\",\"position\":2,\"item\":{\"@type\":\"WebPage\",\"@id\":\"https:\/\/www.bks-knives.com\/nl\/team\/\",\"url\":\"https:\/\/www.bks-knives.com\/nl\/team\/\",\"name\":\"Team\"}}]}]}<\/script>\n<!-- \/ Yoast SEO plugin. -->","_links":{"self":[{"href":"https:\/\/www.bks-knives.com\/nl\/wp-json\/wp\/v2\/pages\/1945"}],"collection":[{"href":"https:\/\/www.bks-knives.com\/nl\/wp-json\/wp\/v2\/pages"}],"about":[{"href":"https:\/\/www.bks-knives.com\/nl\/wp-json\/wp\/v2\/types\/page"}],"author":[{"embeddable":true,"href":"https:\/\/www.bks-knives.com\/nl\/wp-json\/wp\/v2\/users\/4"}],"replies":[{"embeddable":true,"href":"https:\/\/www.bks-knives.com\/nl\/wp-json\/wp\/v2\/comments?post=1945"}],"version-history":[{"count":3,"href":"https:\/\/www.bks-knives.com\/nl\/wp-json\/wp\/v2\/pages\/1945\/revisions"}],"predecessor-version":[{"id":1992,"href":"https:\/\/www.bks-knives.com\/nl\/wp-json\/wp\/v2\/pages\/1945\/revisions\/1992"}],"wp:attachment":[{"href":"https:\/\/www.bks-knives.com\/nl\/wp-json\/wp\/v2\/media?parent=1945"}],"curies":[{"name":"wp","href":"https:\/\/api.w.org\/{rel}","templated":true}]}}