{"id":1348,"date":"2018-05-16T11:06:31","date_gmt":"2018-05-16T09:06:31","guid":{"rendered":"http:\/\/www.bks-knives.com\/products-application\/"},"modified":"2021-01-27T11:35:43","modified_gmt":"2021-01-27T10:35:43","slug":"producten-toepassingen","status":"publish","type":"page","link":"https:\/\/www.bks-knives.com\/nl\/producten-toepassingen\/","title":{"rendered":"Producten en toepassingen"},"content":{"rendered":"<p>BKS, producent van industri\u00eble messen, biedt een brede waaier van zowel standaard (OEM) als op maat gemaakte messen aan.<br \/>\nZo leveren we messen voor volgende industrie\u00ebn:<br \/>\n<span style=\"text-decoration: underline;\"><strong>Plastics &#8211; kunststof en recycling :<\/strong><\/span> rotoren, die plates, maalschijven, maalmolen &amp; schredder messen,&#8230;<br \/>\n<span style=\"text-decoration: underline;\"><strong>Papier, film en folie :<\/strong><\/span> schotelmessen, drukmessen, scheermessen en -houders\u2026<br \/>\n<span style=\"text-decoration: underline;\"><strong>Voeding en verpakking:<\/strong><\/span> getande messen, cirkel messen, guillotine messen, rechte messen&#8230;,<br \/>\nTabak, golfkarton, metaal en hout\u2026\u2026.<\/p>\n<p>BKS biedt zowel nieuwe messen, alsook slijpwerk aan. Dit gebeurt op verschillende slijpmachines, draai- en freesbanken, oplasmachines,\u2026.<\/p>\n<h2>Wat we doen<\/h2>\n<p>BKS was in 1983 een leverancier van industri\u00eble messen, gecombineerd met slijperij. De laatste 20 jaar zijn we ge\u00ebvolueerd naar een messenfabrikant met een slijpservice (one stop shop). We zijn gespecialiseerd in productie van messen, uitsluitend voor industri\u00eble toepassingen. Onze messen worden geproduceerd in Europa en Azi\u00eb met 1 constante: OEM kwaliteit, of beter.<br \/>\nBKS biedt verschillende soorten messen aan:<\/p>\n<ul>\n<li>Pelletizing messen<\/li>\n<li><a href=\"http:\/\/www.bks-knives.com\/nl\/product\/die-plates\/\">Die plates<\/a><\/li>\n<li><a href=\"http:\/\/www.bks-knives.com\/nl\/product\/rechte-getande-messen\/\">Rechte en getande messen<\/a><\/li>\n<li><a href=\"http:\/\/www.bks-knives.com\/nl\/product\/ronde-messen\/\">Ronde messen<\/a><\/li>\n<li><a href=\"http:\/\/www.bks-knives.com\/nl\/product\/rotoren\/\">Rotoren voor maalmolens<\/a><\/li>\n<li>Industri\u00eble shredder messen<\/li>\n<li>Industri\u00eble scheermesjes (3-gaten \u2013 cello \u2013 haak \u2013 trapezium.)<\/li>\n<li>Slitting knives (schaarsnit)<\/li>\n<li>Drukmessen<\/li>\n<li>Kokersnijmessen<\/li>\n<li>Wavy and zigzag drukmessen<\/li>\n<li>Top seal messen (tray knives &#8211; schalensluitmessen)<\/li>\n<li><a href=\"http:\/\/www.bks-knives.com\/nl\/product\/getande-messen\/\">Getande messen<\/a> (voor papier \u2013 plastic \u2013 folie \u2013 verpakking\u2026.)<\/li>\n<li>Guillotine messen<\/li>\n<li>Cirkelmessen en cirkelzagen,<\/li>\n<li>Bandmessen en -zagen<\/li>\n<li><a href=\"http:\/\/www.bks-knives.com\/nl\/product\/shredder-messen\/\">Shredders voor metaal, hout,<\/a> \u2026. (snel draaiende shredders)<\/li>\n<\/ul>\n<p>Productie en onderhoud zijn niet de enige services die we aanbieden. Ook voor al uw slijp- en oplaswerken kunt u bij ons terecht.<\/p>\n<p>Hier bovenop zijn we ook specialist in precisie draaien en frezen. We passen onze visie en waarden toe (Klanten tevredenheid \u2013 integriteit &#8211; uitmuntendheid \u2013 creativiteit) om u kwalitatieve messen te leveren.<\/p>\n<p>We zijn fier om \u00e9\u00e9n van de top fabrikanten van industri\u00eble messen te zijn. Of u nu een nieuw, een aangepast, of een geslepen mes nodig heeft voor uw machine: BKS staat ter uwer beschikking<\/p>\n","protected":false},"excerpt":{"rendered":"<p>BKS, producent van industri\u00eble messen, biedt een brede waaier van zowel standaard (OEM) als op maat gemaakte messen aan. Zo leveren we messen voor volgende industrie\u00ebn: Plastics &#8211; kunststof en recycling : rotoren, die plates, maalschijven, maalmolen &amp; schredder messen,&#8230; Papier, film en folie : schotelmessen, drukmessen, scheermessen en -houders\u2026 Voeding en verpakking: getande messen, [&hellip;]<\/p>\n","protected":false},"author":1,"featured_media":0,"parent":0,"menu_order":51,"comment_status":"closed","ping_status":"closed","template":"template-products.php","meta":[],"yoast_head":"<!-- This site is optimized with the Yoast SEO plugin v15.7 - https:\/\/yoast.com\/wordpress\/plugins\/seo\/ -->\n<title>Producten en toepassingen &ndash; BKS<\/title>\n<meta name=\"description\" content=\"BKS Industriele Messen, messen specialist! Contacteer ons voor al u projekten mbt rotoren, cirkel-, rechte messen, dieplates,\" \/>\n<meta name=\"robots\" content=\"index, follow, max-snippet:-1, max-image-preview:large, max-video-preview:-1\" \/>\n<link rel=\"canonical\" href=\"https:\/\/www.bks-knives.com\/nl\/producten-toepassingen\/\" \/>\n<meta property=\"og:locale\" content=\"nl_NL\" \/>\n<meta property=\"og:type\" content=\"article\" \/>\n<meta property=\"og:title\" content=\"Producten en toepassingen &ndash; BKS\" \/>\n<meta property=\"og:description\" content=\"BKS Industriele Messen, messen specialist! Contacteer ons voor al u projekten mbt rotoren, cirkel-, rechte messen, dieplates,\" \/>\n<meta property=\"og:url\" content=\"https:\/\/www.bks-knives.com\/nl\/producten-toepassingen\/\" \/>\n<meta property=\"og:site_name\" content=\"BKS\" \/>\n<meta property=\"article:publisher\" content=\"https:\/\/www.facebook.com\/BKS-Industrial-Knives-Pelletizing-Knives-400232496659924\/\" \/>\n<meta property=\"article:modified_time\" content=\"2021-01-27T10:35:43+00:00\" \/>\n<meta property=\"og:image\" content=\"https:\/\/www.bks-knives.com\/content\/uploads\/2019\/05\/bks_knives_FB.jpg\" \/>\n\t<meta property=\"og:image:width\" content=\"1908\" \/>\n\t<meta property=\"og:image:height\" content=\"941\" \/>\n<meta name=\"twitter:card\" content=\"summary_large_image\" \/>\n<meta name=\"twitter:label1\" content=\"Geschatte leestijd\">\n\t<meta name=\"twitter:data1\" content=\"1 minuut\">\n<script type=\"application\/ld+json\" class=\"yoast-schema-graph\">{\"@context\":\"https:\/\/schema.org\",\"@graph\":[{\"@type\":\"Organization\",\"@id\":\"https:\/\/www.bks-knives.com\/th\/#organization\",\"name\":\"BKS\",\"url\":\"https:\/\/www.bks-knives.com\/th\/\",\"sameAs\":[\"https:\/\/www.facebook.com\/BKS-Industrial-Knives-Pelletizing-Knives-400232496659924\/\",\"https:\/\/www.linkedin.com\/company\/b-k-s-\/?trk=ppro_cprof\"],\"logo\":{\"@type\":\"ImageObject\",\"@id\":\"https:\/\/www.bks-knives.com\/th\/#logo\",\"inLanguage\":\"nl\",\"url\":\"https:\/\/www.bks-knives.com\/content\/uploads\/2018\/05\/bks-logo.png\",\"width\":178,\"height\":112,\"caption\":\"BKS\"},\"image\":{\"@id\":\"https:\/\/www.bks-knives.com\/th\/#logo\"}},{\"@type\":\"WebSite\",\"@id\":\"https:\/\/www.bks-knives.com\/th\/#website\",\"url\":\"https:\/\/www.bks-knives.com\/th\/\",\"name\":\"BKS\",\"description\":\"High end partner for all industrial cutting processes\",\"publisher\":{\"@id\":\"https:\/\/www.bks-knives.com\/th\/#organization\"},\"potentialAction\":[{\"@type\":\"SearchAction\",\"target\":\"https:\/\/www.bks-knives.com\/th\/?s={search_term_string}\",\"query-input\":\"required name=search_term_string\"}],\"inLanguage\":\"nl\"},{\"@type\":\"WebPage\",\"@id\":\"https:\/\/www.bks-knives.com\/nl\/producten-toepassingen\/#webpage\",\"url\":\"https:\/\/www.bks-knives.com\/nl\/producten-toepassingen\/\",\"name\":\"Producten en toepassingen &ndash; BKS\",\"isPartOf\":{\"@id\":\"https:\/\/www.bks-knives.com\/th\/#website\"},\"datePublished\":\"2018-05-16T09:06:31+00:00\",\"dateModified\":\"2021-01-27T10:35:43+00:00\",\"description\":\"BKS Industriele Messen, messen specialist! Contacteer ons voor al u projekten mbt rotoren, cirkel-, rechte messen, dieplates,\",\"breadcrumb\":{\"@id\":\"https:\/\/www.bks-knives.com\/nl\/producten-toepassingen\/#breadcrumb\"},\"inLanguage\":\"nl\",\"potentialAction\":[{\"@type\":\"ReadAction\",\"target\":[\"https:\/\/www.bks-knives.com\/nl\/producten-toepassingen\/\"]}]},{\"@type\":\"BreadcrumbList\",\"@id\":\"https:\/\/www.bks-knives.com\/nl\/producten-toepassingen\/#breadcrumb\",\"itemListElement\":[{\"@type\":\"ListItem\",\"position\":1,\"item\":{\"@type\":\"WebPage\",\"@id\":\"https:\/\/www.bks-knives.com\/nl\/\",\"url\":\"https:\/\/www.bks-knives.com\/nl\/\",\"name\":\"Home\"}},{\"@type\":\"ListItem\",\"position\":2,\"item\":{\"@type\":\"WebPage\",\"@id\":\"https:\/\/www.bks-knives.com\/nl\/producten-toepassingen\/\",\"url\":\"https:\/\/www.bks-knives.com\/nl\/producten-toepassingen\/\",\"name\":\"Producten en toepassingen\"}}]}]}<\/script>\n<!-- \/ Yoast SEO plugin. -->","_links":{"self":[{"href":"https:\/\/www.bks-knives.com\/nl\/wp-json\/wp\/v2\/pages\/1348"}],"collection":[{"href":"https:\/\/www.bks-knives.com\/nl\/wp-json\/wp\/v2\/pages"}],"about":[{"href":"https:\/\/www.bks-knives.com\/nl\/wp-json\/wp\/v2\/types\/page"}],"author":[{"embeddable":true,"href":"https:\/\/www.bks-knives.com\/nl\/wp-json\/wp\/v2\/users\/1"}],"replies":[{"embeddable":true,"href":"https:\/\/www.bks-knives.com\/nl\/wp-json\/wp\/v2\/comments?post=1348"}],"version-history":[{"count":10,"href":"https:\/\/www.bks-knives.com\/nl\/wp-json\/wp\/v2\/pages\/1348\/revisions"}],"predecessor-version":[{"id":2040,"href":"https:\/\/www.bks-knives.com\/nl\/wp-json\/wp\/v2\/pages\/1348\/revisions\/2040"}],"wp:attachment":[{"href":"https:\/\/www.bks-knives.com\/nl\/wp-json\/wp\/v2\/media?parent=1348"}],"curies":[{"name":"wp","href":"https:\/\/api.w.org\/{rel}","templated":true}]}}