{"id":1654,"date":"2020-11-12T13:30:41","date_gmt":"2020-11-12T12:30:41","guid":{"rendered":"http:\/\/www.bks-knives.com\/?page_id=1654"},"modified":"2020-11-12T13:33:39","modified_gmt":"2020-11-12T12:33:39","slug":"lames-industrielles","status":"publish","type":"page","link":"https:\/\/www.bks-knives.com\/fr\/produits-application\/lames-industrielles\/","title":{"rendered":"Lames industrielles"},"content":{"rendered":"","protected":false},"excerpt":{"rendered":"","protected":false},"author":4,"featured_media":0,"parent":1349,"menu_order":64,"comment_status":"closed","ping_status":"closed","template":"template-products-cat.php","meta":[],"yoast_head":"<!-- This site is optimized with the Yoast SEO plugin v15.7 - https:\/\/yoast.com\/wordpress\/plugins\/seo\/ -->\n<title>Lames et couteaux industriels, rasoirs, cutters &ndash; BKS<\/title>\n<meta name=\"description\" content=\"Sp\u00e9cialiste des couteaux industriels. D\u00e9couvrez nos couteaux circulaires, d\u00e9chiqueteuses, et lames de rasoir pour machines industrielles\" \/>\n<meta name=\"robots\" content=\"index, follow, max-snippet:-1, max-image-preview:large, max-video-preview:-1\" \/>\n<link rel=\"canonical\" href=\"https:\/\/www.bks-knives.com\/fr\/produits-application\/lames-industrielles\/\" \/>\n<meta property=\"og:locale\" content=\"fr_FR\" \/>\n<meta property=\"og:type\" content=\"article\" \/>\n<meta property=\"og:title\" content=\"Lames et couteaux industriels, rasoirs, cutters &ndash; BKS\" \/>\n<meta property=\"og:description\" content=\"Sp\u00e9cialiste des couteaux industriels. D\u00e9couvrez nos couteaux circulaires, d\u00e9chiqueteuses, et lames de rasoir pour machines industrielles\" \/>\n<meta property=\"og:url\" content=\"https:\/\/www.bks-knives.com\/fr\/produits-application\/lames-industrielles\/\" \/>\n<meta property=\"og:site_name\" content=\"BKS\" \/>\n<meta property=\"article:publisher\" content=\"https:\/\/www.facebook.com\/BKS-Industrial-Knives-Pelletizing-Knives-400232496659924\/\" \/>\n<meta property=\"article:modified_time\" content=\"2020-11-12T12:33:39+00:00\" \/>\n<meta property=\"og:image\" content=\"https:\/\/www.bks-knives.com\/content\/uploads\/2019\/05\/bks_knives_FB.jpg\" \/>\n\t<meta property=\"og:image:width\" content=\"1908\" \/>\n\t<meta property=\"og:image:height\" content=\"941\" \/>\n<meta name=\"twitter:card\" content=\"summary_large_image\" \/>\n<script type=\"application\/ld+json\" class=\"yoast-schema-graph\">{\"@context\":\"https:\/\/schema.org\",\"@graph\":[{\"@type\":\"Organization\",\"@id\":\"https:\/\/www.bks-knives.com\/th\/#organization\",\"name\":\"BKS\",\"url\":\"https:\/\/www.bks-knives.com\/th\/\",\"sameAs\":[\"https:\/\/www.facebook.com\/BKS-Industrial-Knives-Pelletizing-Knives-400232496659924\/\",\"https:\/\/www.linkedin.com\/company\/b-k-s-\/?trk=ppro_cprof\"],\"logo\":{\"@type\":\"ImageObject\",\"@id\":\"https:\/\/www.bks-knives.com\/th\/#logo\",\"inLanguage\":\"fr-FR\",\"url\":\"https:\/\/www.bks-knives.com\/content\/uploads\/2018\/05\/bks-logo.png\",\"width\":178,\"height\":112,\"caption\":\"BKS\"},\"image\":{\"@id\":\"https:\/\/www.bks-knives.com\/th\/#logo\"}},{\"@type\":\"WebSite\",\"@id\":\"https:\/\/www.bks-knives.com\/th\/#website\",\"url\":\"https:\/\/www.bks-knives.com\/th\/\",\"name\":\"BKS\",\"description\":\"High end partner for all industrial cutting processes\",\"publisher\":{\"@id\":\"https:\/\/www.bks-knives.com\/th\/#organization\"},\"potentialAction\":[{\"@type\":\"SearchAction\",\"target\":\"https:\/\/www.bks-knives.com\/th\/?s={search_term_string}\",\"query-input\":\"required name=search_term_string\"}],\"inLanguage\":\"fr-FR\"},{\"@type\":\"WebPage\",\"@id\":\"https:\/\/www.bks-knives.com\/fr\/produits-application\/lames-industrielles\/#webpage\",\"url\":\"https:\/\/www.bks-knives.com\/fr\/produits-application\/lames-industrielles\/\",\"name\":\"Lames et couteaux industriels, rasoirs, cutters &ndash; BKS\",\"isPartOf\":{\"@id\":\"https:\/\/www.bks-knives.com\/th\/#website\"},\"datePublished\":\"2020-11-12T12:30:41+00:00\",\"dateModified\":\"2020-11-12T12:33:39+00:00\",\"description\":\"Sp\\u00e9cialiste des couteaux industriels. D\\u00e9couvrez nos couteaux circulaires, d\\u00e9chiqueteuses, et lames de rasoir pour machines industrielles\",\"breadcrumb\":{\"@id\":\"https:\/\/www.bks-knives.com\/fr\/produits-application\/lames-industrielles\/#breadcrumb\"},\"inLanguage\":\"fr-FR\",\"potentialAction\":[{\"@type\":\"ReadAction\",\"target\":[\"https:\/\/www.bks-knives.com\/fr\/produits-application\/lames-industrielles\/\"]}]},{\"@type\":\"BreadcrumbList\",\"@id\":\"https:\/\/www.bks-knives.com\/fr\/produits-application\/lames-industrielles\/#breadcrumb\",\"itemListElement\":[{\"@type\":\"ListItem\",\"position\":1,\"item\":{\"@type\":\"WebPage\",\"@id\":\"https:\/\/www.bks-knives.com\/fr\/\",\"url\":\"https:\/\/www.bks-knives.com\/fr\/\",\"name\":\"Home\"}},{\"@type\":\"ListItem\",\"position\":2,\"item\":{\"@type\":\"WebPage\",\"@id\":\"https:\/\/www.bks-knives.com\/fr\/produits-application\/\",\"url\":\"https:\/\/www.bks-knives.com\/fr\/produits-application\/\",\"name\":\"Produits et Application\"}},{\"@type\":\"ListItem\",\"position\":3,\"item\":{\"@type\":\"WebPage\",\"@id\":\"https:\/\/www.bks-knives.com\/fr\/produits-application\/lames-industrielles\/\",\"url\":\"https:\/\/www.bks-knives.com\/fr\/produits-application\/lames-industrielles\/\",\"name\":\"Lames industrielles\"}}]}]}<\/script>\n<!-- \/ Yoast SEO plugin. -->","_links":{"self":[{"href":"https:\/\/www.bks-knives.com\/fr\/wp-json\/wp\/v2\/pages\/1654"}],"collection":[{"href":"https:\/\/www.bks-knives.com\/fr\/wp-json\/wp\/v2\/pages"}],"about":[{"href":"https:\/\/www.bks-knives.com\/fr\/wp-json\/wp\/v2\/types\/page"}],"author":[{"embeddable":true,"href":"https:\/\/www.bks-knives.com\/fr\/wp-json\/wp\/v2\/users\/4"}],"replies":[{"embeddable":true,"href":"https:\/\/www.bks-knives.com\/fr\/wp-json\/wp\/v2\/comments?post=1654"}],"version-history":[{"count":2,"href":"https:\/\/www.bks-knives.com\/fr\/wp-json\/wp\/v2\/pages\/1654\/revisions"}],"predecessor-version":[{"id":1656,"href":"https:\/\/www.bks-knives.com\/fr\/wp-json\/wp\/v2\/pages\/1654\/revisions\/1656"}],"up":[{"embeddable":true,"href":"https:\/\/www.bks-knives.com\/fr\/wp-json\/wp\/v2\/pages\/1349"}],"wp:attachment":[{"href":"https:\/\/www.bks-knives.com\/fr\/wp-json\/wp\/v2\/media?parent=1654"}],"curies":[{"name":"wp","href":"https:\/\/api.w.org\/{rel}","templated":true}]}}