{"id":1635,"date":"2020-11-12T11:08:29","date_gmt":"2020-11-12T10:08:29","guid":{"rendered":"http:\/\/www.bks-knives.com\/?page_id=1635"},"modified":"2020-11-12T15:16:03","modified_gmt":"2020-11-12T14:16:03","slug":"politique-de-confidentialite","status":"publish","type":"page","link":"https:\/\/www.bks-knives.com\/fr\/politique-de-confidentialite\/","title":{"rendered":"Politique de confidentialit\u00e9"},"content":{"rendered":"<p>Ce site web utilise des cookies. La pr\u00e9sente politique en mati\u00e8re de cookies vous informe sur le fonctionnement des cookies, leur utilit\u00e9 et la mani\u00e8re de les configurer.<\/p>\n<h2>Cookie : Qu&#8217;est-ce que c&#8217;est ?<\/h2>\n<p>Un cookie est un fichier texte qui est stock\u00e9 sur votre ordinateur, votre t\u00e9l\u00e9phone portable ou votre tablette lorsque vous visitez un site web. Les cookies enregistrent des informations sur votre utilisation du site web, telles que la langue dans laquelle vous visitez le site. Gr\u00e2ce aux cookies, il sera alors possible de reconna\u00eetre un utilisateur et ses pr\u00e9f\u00e9rences lorsqu&#8217;il reviendra sur un site web.<\/p>\n<p>Toutefois, veuillez noter que les cookies ne permettent pas de vous identifier personnellement.<\/p>\n<h2>Pourquoi utilisons-nous des cookies<\/h2>\n<p>Le BKS utilise des cookies pour optimiser votre navigation en se souvenant de vos pr\u00e9f\u00e9rences personnelles par exemple. Les cookies contribuent \u00e9galement \u00e0 s\u00e9curiser vos donn\u00e9es personnelles.<\/p>\n<h2>Les diff\u00e9rents types de cookies<\/h2>\n<p><strong>Cookies de navigation<br \/>\n<\/strong>Les cookies de navigation, comme leur nom l&#8217;indique, sont essentiels pour naviguer sur le site web.<\/p>\n<p>Il est fortement recommand\u00e9 de ne pas supprimer ou refuser ces cookies, sinon vous ne pourrez pas utiliser le site correctement.<\/p>\n<p><strong>Cookies fonctionnels<br \/>\n<\/strong>Les cookies fonctionnels permettent d&#8217;optimiser le fonctionnement des sites web. Ils permettent d&#8217;acc\u00e9der aux fonctionnalit\u00e9s du site.<\/p>\n<p>Il est fortement recommand\u00e9 de ne pas supprimer ou refuser ces cookies, sinon vous ne pourrez pas utiliser le site correctement.<\/p>\n<p><strong>Cookies de performance<\/strong><br \/>\nCe type de cookie fournit une analyse statistique sur l&#8217;utilisation et la fr\u00e9quentation du site web et de ses diff\u00e9rentes sections.<br \/>\nIl permet d&#8217;am\u00e9liorer le fonctionnement et l&#8217;ergonomie du site web.<\/p>\n<p><strong>Cookies publicitaires<\/strong><br \/>\nLes cookies publicitaires nous permettent de vous proposer des publicit\u00e9s personnalis\u00e9es, adapt\u00e9es \u00e0 vos int\u00e9r\u00eats. Lorsque vous naviguez sur le site, les publicit\u00e9s sont affich\u00e9es sur les diff\u00e9rentes pages.<\/p>\n<h2>Partage des cookies (cookies tiers)<\/h2>\n<p>Le partage de cookies permet aux internautes de partager directement le contenu d&#8217;un site web avec des services tiers tels que les r\u00e9seaux sociaux (Facebook, Twitter,&#8230;). Gr\u00e2ce \u00e0 ces cookies, vous n&#8217;avez pas \u00e0 vous identifier sur chaque plateforme \u00e0 chaque fois que vous souhaitez partager quelque chose.<\/p>\n<h2>Comment d\u00e9sactiver les cookies ?<\/h2>\n<p>En tant qu&#8217;utilisateur, vous \u00eates libre \u00e0 tout moment d&#8217;accepter, de refuser ou de supprimer les cookies de vos diff\u00e9rents appareils (ordinateur, t\u00e9l\u00e9phone mobile, tablette). Pour ce faire, vous devez configurer votre navigateur de recherche.<\/p>\n<p>Toutefois, nous vous conseillons vivement de ne pas d\u00e9sactiver les cookies qui sont essentiels au bon fonctionnement du site. Les param\u00e8tres peuvent changer et affecter votre exp\u00e9rience d&#8217;utilisateur sur le site et bloquer votre acc\u00e8s \u00e0 certaines fonctionnalit\u00e9s.<\/p>\n<p>Veuillez trouver ci-dessous les informations n\u00e9cessaires pour configurer les param\u00e8tres des cookies de votre navigateur :<\/p>\n<p><strong>Google Chrome :<\/strong><br \/>\nhttps:\/\/support.google.com\/chrome\/answer\/95647?hl=en<\/p>\n<p><strong>Internet Explorer :<\/strong><br \/>\nhttps:\/\/support.microsoft.com\/en-us\/help\/17442\/windows-internet-explorer-delete-manage-cookies<\/p>\n<p><strong>FireFox<\/strong><br \/>\nhttps:\/\/support.mozilla.org\/en-US\/kb\/enable-and-disable-cookies-website-preferences<\/p>\n<p><strong>Safari (IOS)<\/strong><br \/>\nhttps:\/\/support.apple.com\/en-us\/HT201265<\/p>\n<p><strong>Safari (MacOS)<\/strong><br \/>\nhttps:\/\/support.apple.com\/en-gb\/guide\/safari\/sfri11471\/mac<\/p>\n","protected":false},"excerpt":{"rendered":"<p>Ce site web utilise des cookies. La pr\u00e9sente politique en mati\u00e8re de cookies vous informe sur le fonctionnement des cookies, leur utilit\u00e9 et la mani\u00e8re de les configurer. Cookie : Qu&#8217;est-ce que c&#8217;est ? Un cookie est un fichier texte qui est stock\u00e9 sur votre ordinateur, votre t\u00e9l\u00e9phone portable ou votre tablette lorsque vous visitez [&hellip;]<\/p>\n","protected":false},"author":4,"featured_media":0,"parent":0,"menu_order":8,"comment_status":"closed","ping_status":"closed","template":"","meta":[],"yoast_head":"<!-- This site is optimized with the Yoast SEO plugin v15.7 - https:\/\/yoast.com\/wordpress\/plugins\/seo\/ -->\n<title>Politique de confidentialit\u00e9 &ndash; BKS<\/title>\n<meta name=\"robots\" content=\"noindex, follow\" \/>\n<meta property=\"og:locale\" content=\"fr_FR\" \/>\n<meta property=\"og:type\" content=\"article\" \/>\n<meta property=\"og:title\" content=\"Politique de confidentialit\u00e9 &ndash; BKS\" \/>\n<meta property=\"og:description\" content=\"Ce site web utilise des cookies. La pr\u00e9sente politique en mati\u00e8re de cookies vous informe sur le fonctionnement des cookies, leur utilit\u00e9 et la mani\u00e8re de les configurer. Cookie : Qu&#8217;est-ce que c&#8217;est ? Un cookie est un fichier texte qui est stock\u00e9 sur votre ordinateur, votre t\u00e9l\u00e9phone portable ou votre tablette lorsque vous visitez [&hellip;]\" \/>\n<meta property=\"og:url\" content=\"https:\/\/www.bks-knives.com\/fr\/politique-de-confidentialite\/\" \/>\n<meta property=\"og:site_name\" content=\"BKS\" \/>\n<meta property=\"article:publisher\" content=\"https:\/\/www.facebook.com\/BKS-Industrial-Knives-Pelletizing-Knives-400232496659924\/\" \/>\n<meta property=\"article:modified_time\" content=\"2020-11-12T14:16:03+00:00\" \/>\n<meta property=\"og:image\" content=\"https:\/\/www.bks-knives.com\/content\/uploads\/2019\/05\/bks_knives_FB.jpg\" \/>\n\t<meta property=\"og:image:width\" content=\"1908\" \/>\n\t<meta property=\"og:image:height\" content=\"941\" \/>\n<meta name=\"twitter:card\" content=\"summary_large_image\" \/>\n<meta name=\"twitter:label1\" content=\"Dur\u00e9e de lecture est.\">\n\t<meta name=\"twitter:data1\" content=\"3 minutes\">\n<script type=\"application\/ld+json\" class=\"yoast-schema-graph\">{\"@context\":\"https:\/\/schema.org\",\"@graph\":[{\"@type\":\"Organization\",\"@id\":\"https:\/\/www.bks-knives.com\/th\/#organization\",\"name\":\"BKS\",\"url\":\"https:\/\/www.bks-knives.com\/th\/\",\"sameAs\":[\"https:\/\/www.facebook.com\/BKS-Industrial-Knives-Pelletizing-Knives-400232496659924\/\",\"https:\/\/www.linkedin.com\/company\/b-k-s-\/?trk=ppro_cprof\"],\"logo\":{\"@type\":\"ImageObject\",\"@id\":\"https:\/\/www.bks-knives.com\/th\/#logo\",\"inLanguage\":\"fr-FR\",\"url\":\"https:\/\/www.bks-knives.com\/content\/uploads\/2018\/05\/bks-logo.png\",\"width\":178,\"height\":112,\"caption\":\"BKS\"},\"image\":{\"@id\":\"https:\/\/www.bks-knives.com\/th\/#logo\"}},{\"@type\":\"WebSite\",\"@id\":\"https:\/\/www.bks-knives.com\/th\/#website\",\"url\":\"https:\/\/www.bks-knives.com\/th\/\",\"name\":\"BKS\",\"description\":\"High end partner for all industrial cutting processes\",\"publisher\":{\"@id\":\"https:\/\/www.bks-knives.com\/th\/#organization\"},\"potentialAction\":[{\"@type\":\"SearchAction\",\"target\":\"https:\/\/www.bks-knives.com\/th\/?s={search_term_string}\",\"query-input\":\"required name=search_term_string\"}],\"inLanguage\":\"fr-FR\"},{\"@type\":\"WebPage\",\"@id\":\"https:\/\/www.bks-knives.com\/fr\/politique-de-confidentialite\/#webpage\",\"url\":\"https:\/\/www.bks-knives.com\/fr\/politique-de-confidentialite\/\",\"name\":\"Politique de confidentialit\\u00e9 &ndash; BKS\",\"isPartOf\":{\"@id\":\"https:\/\/www.bks-knives.com\/th\/#website\"},\"datePublished\":\"2020-11-12T10:08:29+00:00\",\"dateModified\":\"2020-11-12T14:16:03+00:00\",\"breadcrumb\":{\"@id\":\"https:\/\/www.bks-knives.com\/fr\/politique-de-confidentialite\/#breadcrumb\"},\"inLanguage\":\"fr-FR\",\"potentialAction\":[{\"@type\":\"ReadAction\",\"target\":[\"https:\/\/www.bks-knives.com\/fr\/politique-de-confidentialite\/\"]}]},{\"@type\":\"BreadcrumbList\",\"@id\":\"https:\/\/www.bks-knives.com\/fr\/politique-de-confidentialite\/#breadcrumb\",\"itemListElement\":[{\"@type\":\"ListItem\",\"position\":1,\"item\":{\"@type\":\"WebPage\",\"@id\":\"https:\/\/www.bks-knives.com\/fr\/\",\"url\":\"https:\/\/www.bks-knives.com\/fr\/\",\"name\":\"Home\"}},{\"@type\":\"ListItem\",\"position\":2,\"item\":{\"@type\":\"WebPage\",\"@id\":\"https:\/\/www.bks-knives.com\/fr\/politique-de-confidentialite\/\",\"url\":\"https:\/\/www.bks-knives.com\/fr\/politique-de-confidentialite\/\",\"name\":\"Politique de confidentialit\\u00e9\"}}]}]}<\/script>\n<!-- \/ Yoast SEO plugin. -->","_links":{"self":[{"href":"https:\/\/www.bks-knives.com\/fr\/wp-json\/wp\/v2\/pages\/1635"}],"collection":[{"href":"https:\/\/www.bks-knives.com\/fr\/wp-json\/wp\/v2\/pages"}],"about":[{"href":"https:\/\/www.bks-knives.com\/fr\/wp-json\/wp\/v2\/types\/page"}],"author":[{"embeddable":true,"href":"https:\/\/www.bks-knives.com\/fr\/wp-json\/wp\/v2\/users\/4"}],"replies":[{"embeddable":true,"href":"https:\/\/www.bks-knives.com\/fr\/wp-json\/wp\/v2\/comments?post=1635"}],"version-history":[{"count":3,"href":"https:\/\/www.bks-knives.com\/fr\/wp-json\/wp\/v2\/pages\/1635\/revisions"}],"predecessor-version":[{"id":1664,"href":"https:\/\/www.bks-knives.com\/fr\/wp-json\/wp\/v2\/pages\/1635\/revisions\/1664"}],"wp:attachment":[{"href":"https:\/\/www.bks-knives.com\/fr\/wp-json\/wp\/v2\/media?parent=1635"}],"curies":[{"name":"wp","href":"https:\/\/api.w.org\/{rel}","templated":true}]}}