{"id":1628,"date":"2020-11-12T10:52:47","date_gmt":"2020-11-12T09:52:47","guid":{"rendered":"http:\/\/www.bks-knives.com\/?page_id=1628"},"modified":"2020-11-30T15:50:19","modified_gmt":"2020-11-30T14:50:19","slug":"equipe","status":"publish","type":"page","link":"https:\/\/www.bks-knives.com\/fr\/equipe\/","title":{"rendered":"\u00c9quipe"},"content":{"rendered":"<p>Fond\u00e9e en 1983 en Belgique en tant que petite soci\u00e9t\u00e9 commerciale, BKS est devenue une <strong>soci\u00e9t\u00e9 internationale<\/strong> avec 50 coll\u00e8gues hautement qualifi\u00e9s travaillant en Belgique, au Luxembourg, en Indon\u00e9sie et en Tha\u00eflande.<\/p>\n<p>Tous nos coll\u00e8gues partagent une vision commune: <strong>\u00eatre votre partenaire privil\u00e9gi\u00e9 pour tous vos processus de d\u00e9coupe industriels<\/strong>.<\/p>\n<p>Notre \u00e9quipe multiculturelle est compos\u00e9e de personnes travailleuses, ouvertes d&#8217;esprit et bien s\u00fbr pr\u00e9cises. Une partie importante de l&#8217;\u00e9quipe est \u00e9galement (tr\u00e8s) sportive avec des participations fr\u00e9quentes \u00e0 des \u00e9preuves de Course \u00e0 pied, de Cyclisme ou encore de Voile!<\/p>\n<p>Faire partie de notre \u00e9quipe, c&#8217;est adh\u00e9rer \u00e0 100% \u00e0 nos 4 valeurs fondamentales: <strong>Excellence, Int\u00e9grit\u00e9, Satisfaction Client et Cr\u00e9ativit\u00e9<\/strong>.<\/p>\n<p>Travailler chez BKS, soci\u00e9t\u00e9 experte en <a href=\"https:\/\/www.bks-knives.com\/fr\/\">fabrication de lames industrielles<\/a>, garanti une exp\u00e9rience fun et d\u00e9cal\u00e9e avec une structure de travail horizontale, des coll\u00e8gues dynamiques, beaucoup de flexibilit\u00e9 et des projets uniques.<\/p>\n<p>Int\u00e9ress\u00e9 \u00e0 nous rejoindre ? <a href=\"https:\/\/www.bks-knives.com\/jobs\/\">Consultez les offres d&#8217;emploi<\/a> et contactez-nous !<\/p>\n","protected":false},"excerpt":{"rendered":"<p>Fond\u00e9e en 1983 en Belgique en tant que petite soci\u00e9t\u00e9 commerciale, BKS est devenue une soci\u00e9t\u00e9 internationale avec 50 coll\u00e8gues hautement qualifi\u00e9s travaillant en Belgique, au Luxembourg, en Indon\u00e9sie et en Tha\u00eflande. Tous nos coll\u00e8gues partagent une vision commune: \u00eatre votre partenaire privil\u00e9gi\u00e9 pour tous vos processus de d\u00e9coupe industriels. Notre \u00e9quipe multiculturelle est compos\u00e9e [&hellip;]<\/p>\n","protected":false},"author":4,"featured_media":0,"parent":0,"menu_order":82,"comment_status":"closed","ping_status":"closed","template":"template-jobs.php","meta":[],"yoast_head":"<!-- This site is optimized with the Yoast SEO plugin v15.7 - https:\/\/yoast.com\/wordpress\/plugins\/seo\/ -->\n<title>L&#039;\u00e9quipe de votre entreprise de fabrication de lames &ndash; BKS<\/title>\n<meta name=\"description\" content=\"Rejoignez l&#039;\u00e9quipe de BKS Knives ! D\u00e9veloppez-vous dans une entreprise de pointe sp\u00e9cialis\u00e9e dans les lames industrielles. Contactez-nous !\" \/>\n<meta name=\"robots\" content=\"index, follow, max-snippet:-1, max-image-preview:large, max-video-preview:-1\" \/>\n<link rel=\"canonical\" href=\"https:\/\/www.bks-knives.com\/fr\/equipe\/\" \/>\n<meta property=\"og:locale\" content=\"fr_FR\" \/>\n<meta property=\"og:type\" content=\"article\" \/>\n<meta property=\"og:title\" content=\"L&#039;\u00e9quipe de votre entreprise de fabrication de lames &ndash; BKS\" \/>\n<meta property=\"og:description\" content=\"Rejoignez l&#039;\u00e9quipe de BKS Knives ! D\u00e9veloppez-vous dans une entreprise de pointe sp\u00e9cialis\u00e9e dans les lames industrielles. Contactez-nous !\" \/>\n<meta property=\"og:url\" content=\"https:\/\/www.bks-knives.com\/fr\/equipe\/\" \/>\n<meta property=\"og:site_name\" content=\"BKS\" \/>\n<meta property=\"article:publisher\" content=\"https:\/\/www.facebook.com\/BKS-Industrial-Knives-Pelletizing-Knives-400232496659924\/\" \/>\n<meta property=\"article:modified_time\" content=\"2020-11-30T14:50:19+00:00\" \/>\n<meta property=\"og:image\" content=\"https:\/\/www.bks-knives.com\/content\/uploads\/2019\/05\/bks_knives_FB.jpg\" \/>\n\t<meta property=\"og:image:width\" content=\"1908\" \/>\n\t<meta property=\"og:image:height\" content=\"941\" \/>\n<meta name=\"twitter:card\" content=\"summary_large_image\" \/>\n<meta name=\"twitter:label1\" content=\"Dur\u00e9e de lecture est.\">\n\t<meta name=\"twitter:data1\" content=\"1 minute\">\n<script type=\"application\/ld+json\" class=\"yoast-schema-graph\">{\"@context\":\"https:\/\/schema.org\",\"@graph\":[{\"@type\":\"Organization\",\"@id\":\"https:\/\/www.bks-knives.com\/th\/#organization\",\"name\":\"BKS\",\"url\":\"https:\/\/www.bks-knives.com\/th\/\",\"sameAs\":[\"https:\/\/www.facebook.com\/BKS-Industrial-Knives-Pelletizing-Knives-400232496659924\/\",\"https:\/\/www.linkedin.com\/company\/b-k-s-\/?trk=ppro_cprof\"],\"logo\":{\"@type\":\"ImageObject\",\"@id\":\"https:\/\/www.bks-knives.com\/th\/#logo\",\"inLanguage\":\"fr-FR\",\"url\":\"https:\/\/www.bks-knives.com\/content\/uploads\/2018\/05\/bks-logo.png\",\"width\":178,\"height\":112,\"caption\":\"BKS\"},\"image\":{\"@id\":\"https:\/\/www.bks-knives.com\/th\/#logo\"}},{\"@type\":\"WebSite\",\"@id\":\"https:\/\/www.bks-knives.com\/th\/#website\",\"url\":\"https:\/\/www.bks-knives.com\/th\/\",\"name\":\"BKS\",\"description\":\"High end partner for all industrial cutting processes\",\"publisher\":{\"@id\":\"https:\/\/www.bks-knives.com\/th\/#organization\"},\"potentialAction\":[{\"@type\":\"SearchAction\",\"target\":\"https:\/\/www.bks-knives.com\/th\/?s={search_term_string}\",\"query-input\":\"required name=search_term_string\"}],\"inLanguage\":\"fr-FR\"},{\"@type\":\"WebPage\",\"@id\":\"https:\/\/www.bks-knives.com\/fr\/equipe\/#webpage\",\"url\":\"https:\/\/www.bks-knives.com\/fr\/equipe\/\",\"name\":\"L'\\u00e9quipe de votre entreprise de fabrication de lames &ndash; BKS\",\"isPartOf\":{\"@id\":\"https:\/\/www.bks-knives.com\/th\/#website\"},\"datePublished\":\"2020-11-12T09:52:47+00:00\",\"dateModified\":\"2020-11-30T14:50:19+00:00\",\"description\":\"Rejoignez l'\\u00e9quipe de BKS Knives ! D\\u00e9veloppez-vous dans une entreprise de pointe sp\\u00e9cialis\\u00e9e dans les lames industrielles. Contactez-nous !\",\"breadcrumb\":{\"@id\":\"https:\/\/www.bks-knives.com\/fr\/equipe\/#breadcrumb\"},\"inLanguage\":\"fr-FR\",\"potentialAction\":[{\"@type\":\"ReadAction\",\"target\":[\"https:\/\/www.bks-knives.com\/fr\/equipe\/\"]}]},{\"@type\":\"BreadcrumbList\",\"@id\":\"https:\/\/www.bks-knives.com\/fr\/equipe\/#breadcrumb\",\"itemListElement\":[{\"@type\":\"ListItem\",\"position\":1,\"item\":{\"@type\":\"WebPage\",\"@id\":\"https:\/\/www.bks-knives.com\/fr\/\",\"url\":\"https:\/\/www.bks-knives.com\/fr\/\",\"name\":\"Home\"}},{\"@type\":\"ListItem\",\"position\":2,\"item\":{\"@type\":\"WebPage\",\"@id\":\"https:\/\/www.bks-knives.com\/fr\/equipe\/\",\"url\":\"https:\/\/www.bks-knives.com\/fr\/equipe\/\",\"name\":\"\\u00c9quipe\"}}]}]}<\/script>\n<!-- \/ Yoast SEO plugin. -->","_links":{"self":[{"href":"https:\/\/www.bks-knives.com\/fr\/wp-json\/wp\/v2\/pages\/1628"}],"collection":[{"href":"https:\/\/www.bks-knives.com\/fr\/wp-json\/wp\/v2\/pages"}],"about":[{"href":"https:\/\/www.bks-knives.com\/fr\/wp-json\/wp\/v2\/types\/page"}],"author":[{"embeddable":true,"href":"https:\/\/www.bks-knives.com\/fr\/wp-json\/wp\/v2\/users\/4"}],"replies":[{"embeddable":true,"href":"https:\/\/www.bks-knives.com\/fr\/wp-json\/wp\/v2\/comments?post=1628"}],"version-history":[{"count":5,"href":"https:\/\/www.bks-knives.com\/fr\/wp-json\/wp\/v2\/pages\/1628\/revisions"}],"predecessor-version":[{"id":1702,"href":"https:\/\/www.bks-knives.com\/fr\/wp-json\/wp\/v2\/pages\/1628\/revisions\/1702"}],"wp:attachment":[{"href":"https:\/\/www.bks-knives.com\/fr\/wp-json\/wp\/v2\/media?parent=1628"}],"curies":[{"name":"wp","href":"https:\/\/api.w.org\/{rel}","templated":true}]}}