{"id":1625,"date":"2020-11-12T10:49:06","date_gmt":"2020-11-12T09:49:06","guid":{"rendered":"http:\/\/www.bks-knives.com\/?page_id=1625"},"modified":"2021-02-04T13:25:25","modified_gmt":"2021-02-04T12:25:25","slug":"cgv","status":"publish","type":"page","link":"https:\/\/www.bks-knives.com\/fr\/cgv\/","title":{"rendered":"Conditions g\u00e9n\u00e9rales de vente"},"content":{"rendered":"<p>&nbsp;<\/p>\n<p><strong>CONDITIONS GENERALES DE VENTE<\/strong><\/p>\n<p>1. Sauf d\u00e9rogation conventionnelle expresse et \u00e9crite, toutes nos ventes se font aux conditions mentionn\u00e9es ci-dessous. Les<br \/>\nconditions de nos clients sont \u00e9cart\u00e9es en ce qu\u2019elles ont de contraire aux n\u00f4tres.<br \/>\n2. Toute commande prise, ou convention propos\u00e9e par nos agents ou repr\u00e9sentants, n\u2019est valable qu\u2019apr\u00e8s votre confirmation \u00e9crite.<br \/>\n3. Aucune commande ne pourra \u00eatre annul\u00e9e ni donner lieu \u00e0 dommages et int\u00e9r\u00eats pour retard de livraison, nos d\u00e9lais n\u2019\u00e9tant<br \/>\ndonn\u00e9s qu\u2019\u00e0 titre indicatif et sans garantie.<br \/>\n4. Les marchandises voyagent aux risques et p\u00e9rils du destinataire, m\u00eame lorsqu\u2019elles sont exp\u00e9di\u00e9es franco. Toute r\u00e9clamation doit<br \/>\n\u00eatre faite par \u00e9crit dans les huit jours de la fourniture, le cachet de la poste faisant foi. Les frais de port et d\u2019emballage sont \u00e0<br \/>\ncharge du client.<br \/>\n5. Aucune responsabilit\u00e9 et aucun risque ne sont pris pour l\u2019outil qui nous est confi\u00e9 \u00e0 aiguiser, \u00e0 ajuster ou simplement \u00e0 conserver.<br \/>\n6. La garantie est seulement donn\u00e9e pour le remplacement des pi\u00e8ces d\u00e9fectueuses et ne contient aucun autre engagement.<br \/>\n7. Pour toutes commandes inf\u00e9rieures \u00e0 500 \u20ac, BKS se r\u00e9serve le droit de majorer la facture de 25 \u20ac de frais administratifs.<br \/>\n8. Sauf stipulation contraire, les factures sont payables \u00e0 nos bureaux de Lambermont, au comptant, net et sans escompte \u00e0 la<br \/>\nr\u00e9ception des marchandises.<br \/>\n9. Les factures impay\u00e9es \u00e0 leur \u00e9ch\u00e9ance portent int\u00e9r\u00eat au taux de 12% par an ; en outre, et \u00e9galement \u00e0 titre de dommages et<br \/>\nint\u00e9r\u00eats moratoires, le montant des factures sera major\u00e9 de 15% avec minimum de 25\u20ac. Ces dommages et int\u00e9r\u00eats sont dus de<br \/>\nplein droit et sans mise en demeure ; ils ne feront pas obstacle au droit du d\u00e9biteur de b\u00e9n\u00e9ficier \u00e9ventuellement de l\u2019article 1.244<br \/>\ndu Code Civil.<br \/>\n10. Tout retard de paiement nous autorise \u00e0 mettre fin \u00e0 tout contrat en cours, sans devoir aucune indemnit\u00e9 de ce chef, mais sans<br \/>\nrenonciation au paiement de dommages et int\u00e9r\u00eats.<br \/>\n11. L\u2019\u00e9mission de traites, de ch\u00e8ques, de mandats et d\u2019autres effets de commerce n\u2019entra\u00eenera en aucun cas une novation de la dette.<br \/>\nLa seule loi applicable \u00e0 la pr\u00e9sente est la loi belge. En cas de recours en justice, les tribunaux de l\u2019arrondissement de Verviers<br \/>\nsont seuls comp\u00e9tents.<br \/>\n12. Les marchandises restent notre propri\u00e9t\u00e9 jusqu\u2019au paiement int\u00e9gral.<\/p>\n","protected":false},"excerpt":{"rendered":"<p>&nbsp; CONDITIONS GENERALES DE VENTE 1. Sauf d\u00e9rogation conventionnelle expresse et \u00e9crite, toutes nos ventes se font aux conditions mentionn\u00e9es ci-dessous. Les conditions de nos clients sont \u00e9cart\u00e9es en ce qu\u2019elles ont de contraire aux n\u00f4tres. 2. Toute commande prise, ou convention propos\u00e9e par nos agents ou repr\u00e9sentants, n\u2019est valable qu\u2019apr\u00e8s votre confirmation \u00e9crite. 3. [&hellip;]<\/p>\n","protected":false},"author":4,"featured_media":0,"parent":0,"menu_order":71,"comment_status":"closed","ping_status":"closed","template":"","meta":[],"yoast_head":"<!-- This site is optimized with the Yoast SEO plugin v15.7 - https:\/\/yoast.com\/wordpress\/plugins\/seo\/ -->\n<title>Conditions g\u00e9n\u00e9rales de vente &ndash; BKS<\/title>\n<meta name=\"robots\" content=\"noindex, follow\" \/>\n<meta property=\"og:locale\" content=\"fr_FR\" \/>\n<meta property=\"og:type\" content=\"article\" \/>\n<meta property=\"og:title\" content=\"Conditions g\u00e9n\u00e9rales de vente &ndash; BKS\" \/>\n<meta property=\"og:description\" content=\"&nbsp; CONDITIONS GENERALES DE VENTE 1. Sauf d\u00e9rogation conventionnelle expresse et \u00e9crite, toutes nos ventes se font aux conditions mentionn\u00e9es ci-dessous. Les conditions de nos clients sont \u00e9cart\u00e9es en ce qu\u2019elles ont de contraire aux n\u00f4tres. 2. Toute commande prise, ou convention propos\u00e9e par nos agents ou repr\u00e9sentants, n\u2019est valable qu\u2019apr\u00e8s votre confirmation \u00e9crite. 3. [&hellip;]\" \/>\n<meta property=\"og:url\" content=\"https:\/\/www.bks-knives.com\/fr\/cgv\/\" \/>\n<meta property=\"og:site_name\" content=\"BKS\" \/>\n<meta property=\"article:publisher\" content=\"https:\/\/www.facebook.com\/BKS-Industrial-Knives-Pelletizing-Knives-400232496659924\/\" \/>\n<meta property=\"article:modified_time\" content=\"2021-02-04T12:25:25+00:00\" \/>\n<meta property=\"og:image\" content=\"https:\/\/www.bks-knives.com\/content\/uploads\/2019\/05\/bks_knives_FB.jpg\" \/>\n\t<meta property=\"og:image:width\" content=\"1908\" \/>\n\t<meta property=\"og:image:height\" content=\"941\" \/>\n<meta name=\"twitter:card\" content=\"summary_large_image\" \/>\n<meta name=\"twitter:label1\" content=\"Dur\u00e9e de lecture est.\">\n\t<meta name=\"twitter:data1\" content=\"2 minutes\">\n<script type=\"application\/ld+json\" class=\"yoast-schema-graph\">{\"@context\":\"https:\/\/schema.org\",\"@graph\":[{\"@type\":\"Organization\",\"@id\":\"https:\/\/www.bks-knives.com\/th\/#organization\",\"name\":\"BKS\",\"url\":\"https:\/\/www.bks-knives.com\/th\/\",\"sameAs\":[\"https:\/\/www.facebook.com\/BKS-Industrial-Knives-Pelletizing-Knives-400232496659924\/\",\"https:\/\/www.linkedin.com\/company\/b-k-s-\/?trk=ppro_cprof\"],\"logo\":{\"@type\":\"ImageObject\",\"@id\":\"https:\/\/www.bks-knives.com\/th\/#logo\",\"inLanguage\":\"fr-FR\",\"url\":\"https:\/\/www.bks-knives.com\/content\/uploads\/2018\/05\/bks-logo.png\",\"width\":178,\"height\":112,\"caption\":\"BKS\"},\"image\":{\"@id\":\"https:\/\/www.bks-knives.com\/th\/#logo\"}},{\"@type\":\"WebSite\",\"@id\":\"https:\/\/www.bks-knives.com\/th\/#website\",\"url\":\"https:\/\/www.bks-knives.com\/th\/\",\"name\":\"BKS\",\"description\":\"High end partner for all industrial cutting processes\",\"publisher\":{\"@id\":\"https:\/\/www.bks-knives.com\/th\/#organization\"},\"potentialAction\":[{\"@type\":\"SearchAction\",\"target\":\"https:\/\/www.bks-knives.com\/th\/?s={search_term_string}\",\"query-input\":\"required name=search_term_string\"}],\"inLanguage\":\"fr-FR\"},{\"@type\":\"WebPage\",\"@id\":\"https:\/\/www.bks-knives.com\/fr\/cgv\/#webpage\",\"url\":\"https:\/\/www.bks-knives.com\/fr\/cgv\/\",\"name\":\"Conditions g\\u00e9n\\u00e9rales de vente &ndash; BKS\",\"isPartOf\":{\"@id\":\"https:\/\/www.bks-knives.com\/th\/#website\"},\"datePublished\":\"2020-11-12T09:49:06+00:00\",\"dateModified\":\"2021-02-04T12:25:25+00:00\",\"breadcrumb\":{\"@id\":\"https:\/\/www.bks-knives.com\/fr\/cgv\/#breadcrumb\"},\"inLanguage\":\"fr-FR\",\"potentialAction\":[{\"@type\":\"ReadAction\",\"target\":[\"https:\/\/www.bks-knives.com\/fr\/cgv\/\"]}]},{\"@type\":\"BreadcrumbList\",\"@id\":\"https:\/\/www.bks-knives.com\/fr\/cgv\/#breadcrumb\",\"itemListElement\":[{\"@type\":\"ListItem\",\"position\":1,\"item\":{\"@type\":\"WebPage\",\"@id\":\"https:\/\/www.bks-knives.com\/fr\/\",\"url\":\"https:\/\/www.bks-knives.com\/fr\/\",\"name\":\"Home\"}},{\"@type\":\"ListItem\",\"position\":2,\"item\":{\"@type\":\"WebPage\",\"@id\":\"https:\/\/www.bks-knives.com\/fr\/cgv\/\",\"url\":\"https:\/\/www.bks-knives.com\/fr\/cgv\/\",\"name\":\"Conditions g\\u00e9n\\u00e9rales de vente\"}}]}]}<\/script>\n<!-- \/ Yoast SEO plugin. -->","_links":{"self":[{"href":"https:\/\/www.bks-knives.com\/fr\/wp-json\/wp\/v2\/pages\/1625"}],"collection":[{"href":"https:\/\/www.bks-knives.com\/fr\/wp-json\/wp\/v2\/pages"}],"about":[{"href":"https:\/\/www.bks-knives.com\/fr\/wp-json\/wp\/v2\/types\/page"}],"author":[{"embeddable":true,"href":"https:\/\/www.bks-knives.com\/fr\/wp-json\/wp\/v2\/users\/4"}],"replies":[{"embeddable":true,"href":"https:\/\/www.bks-knives.com\/fr\/wp-json\/wp\/v2\/comments?post=1625"}],"version-history":[{"count":2,"href":"https:\/\/www.bks-knives.com\/fr\/wp-json\/wp\/v2\/pages\/1625\/revisions"}],"predecessor-version":[{"id":1661,"href":"https:\/\/www.bks-knives.com\/fr\/wp-json\/wp\/v2\/pages\/1625\/revisions\/1661"}],"wp:attachment":[{"href":"https:\/\/www.bks-knives.com\/fr\/wp-json\/wp\/v2\/media?parent=1625"}],"curies":[{"name":"wp","href":"https:\/\/api.w.org\/{rel}","templated":true}]}}