{"id":1532,"date":"2020-11-09T15:37:18","date_gmt":"2020-11-09T14:37:18","guid":{"rendered":"http:\/\/www.bks-knives.com\/?page_id=1532"},"modified":"2021-05-12T16:28:12","modified_gmt":"2021-05-12T14:28:12","slug":"fabricant-lame-sur-mesure","status":"publish","type":"page","link":"https:\/\/www.bks-knives.com\/fr\/fabricant-lame-sur-mesure\/","title":{"rendered":"Fabricant de lame sur-mesure"},"content":{"rendered":"<p>Du <a href=\"https:\/\/www.bks-knives.com\/fr\/rechargement-par-soudure\/\">rechargement dur<\/a>, \u00e0 l&#8217;<a href=\"https:\/\/www.bks-knives.com\/fr\/atelier-rectification-affutage\/\">affutage industriel<\/a>, BKS vous offre \u00e9galement une vari\u00e9t\u00e9 de services suppl\u00e9mentaires, dont la <strong>fabrication de lames sur-mesure<\/strong> pour l&#8217;industrie du plastique. BKS produit une partie importante de ses couteaux en interne. Le mat\u00e9riel utilis\u00e9 provient uniquement de <strong>fournisseurs renomm\u00e9s<\/strong> et est stock\u00e9 dans notre entrep\u00f4t. \u00c0 la r\u00e9ception d&#8217;une commande, nos ing\u00e9nieurs con\u00e7oivent les pi\u00e8ces \u00e0 l&#8217;aide d&#8217;un logiciel de CAO haut de gamme avant de les saisir dans un logiciel de FAO. Le code g\u00e9n\u00e9r\u00e9 est ensuite envoy\u00e9 \u00e0 la machine o\u00f9 l&#8217;op\u00e9rateur lance la production.<\/p>\n<h2>Fabrication de lames industrielles<\/h2>\n<p>Diff\u00e9rents traitements thermiques ou rev\u00eatements sont <strong>disponibles sur demande <\/strong>pour vos lames de couteau industriel.<\/p>\n<p>La plupart des mat\u00e9riaux sont couverts, allant de l&#8217;acier c\u00e9ment\u00e9, l&#8217;acier inoxydable, l&#8217;acier \u00e0 outils, l&#8217;acier r\u00e9sistant \u00e0 l&#8217;usure (comme le Hardox ou le Dilidur) ou l&#8217;acier de m\u00e9tallurgie des poudres.<\/p>\n<p>Toutes les pi\u00e8ces produites sont accompagn\u00e9es d&#8217;un certificat de contr\u00f4le de qualit\u00e9 et la logistique peut \u00eatre organis\u00e9e par BKS pour le confort de nos clients.<\/p>\n<h2>Quels couteaux sont produits par un <strong>fabricant de lames sur-mesure<\/strong> ?<\/h2>\n<p>En tant que sp\u00e9cialistes de la <a href=\"https:\/\/www.bks-knives.com\/fr\/\">fabrication de couteaux industriel <\/a>et de lame de scie \u00e0 ruban sur-mesure, BKS garantit la production d&#8217;une vari\u00e9t\u00e9 de couteaux sur-mesure tels que :<\/p>\n<ul>\n<li>la <a href=\"https:\/\/www.bks-knives.com\/fr\/produit\/lame-rasoir-industrielle\/\">fabrication de lame de rasoir industrielle<\/a><\/li>\n<li>lame de scie circulaire<\/li>\n<li><a href=\"https:\/\/www.bks-knives.com\/fr\/produit\/rotor\/\">rotor de coupe<\/a><\/li>\n<li><a href=\"https:\/\/www.bks-knives.com\/fr\/produit\/lame-pulveriseur\/\">rotor de granulation<\/a><\/li>\n<li>lame rotative<\/li>\n<li><a href=\"https:\/\/www.bks-knives.com\/fr\/produit\/lame-coupe\/\">lame de coupe industrielle<\/a><\/li>\n<li>couteau industriel personnalis\u00e9<\/li>\n<li>la <a href=\"https:\/\/www.bks-knives.com\/fr\/produit\/couteau-lame-dentee\/\">fabrication de lame en zigzag<\/a><\/li>\n<li>lame de granulatrice<\/li>\n<li>\u00a0la <a href=\"https:\/\/www.bks-knives.com\/fr\/produit\/filiere-extrusion\/\">fabrication de fili\u00e8re d&#8217;extrusion<\/a>.<\/li>\n<\/ul>\n<p>En outre, la fabrication de lames sur-mesure est garantie par notre \u00e9quipe d&#8217;<strong>ing\u00e9nieurs professionnels<\/strong> qui s&#8217;adapte en permanence aux besoins de nos clients.<\/p>\n<h2 style=\"text-align: center;\">Parlez-nous de votre besoin en lame industrielle !<\/h2>\n\n                <div class='gf_browser_gecko gform_wrapper' id='gform_wrapper_1' ><form method='post' enctype='multipart\/form-data'  id='gform_1'  action='\/fr\/wp-json\/wp\/v2\/pages\/1532'>\n                        <div class='gform_body'><ul id='gform_fields_1' class='gform_fields top_label form_sublabel_below description_below'><li id='field_1_1'  class='gfield field_sublabel_below field_description_below gfield_visibility_visible' ><label class='gfield_label gfield_label_before_complex'  ><\/label><div class='ginput_complex ginput_container no_prefix no_first_name no_middle_name has_last_name no_suffix gf_name_has_1 ginput_container_name' id='input_1_1'>\n                            \n                            \n                            \n                            <span id='input_1_1_6_container' class='name_last' >\n                                                    <input class='form-control' type='text' name='input_1.6' id='input_1_1_6' value='' aria-label='Nom'    aria-invalid=\"false\" placeholder='Nom'\/>\n                                                    <label for='input_1_1_6' >Nom<\/label>\n                                                <\/span>\n                            \n                        <\/div><\/li><li id='field_1_7'  class='gfield gf_left_half field_sublabel_below field_description_below gfield_visibility_visible' ><label class='gfield_label' for='input_1_7' ><\/label><div class='ginput_container ginput_container_text'><input name='input_7' id='input_1_7' type='text' value='' class='form-control medium'    placeholder='Soci\u00e9t\u00e9'  aria-invalid=\"false\" \/><\/div><\/li><li id='field_1_5'  class='gfield gf_right_half field_sublabel_below field_description_below gfield_visibility_visible' ><label class='gfield_label' for='input_1_5' ><\/label><div class='ginput_container ginput_container_phone'><input name='input_5' id='input_1_5' type='text' value='' class='form-control medium'  placeholder='T\u00e9l\u00e9phone'  aria-invalid=\"false\"  \/><\/div><\/li><li id='field_1_2'  class='gfield field_sublabel_below field_description_below gfield_visibility_visible' ><label class='gfield_label' for='input_1_2' ><\/label><div class='ginput_container ginput_container_email'>\n                            <input name='input_2' id='input_1_2' type='text' value='' class='large'   placeholder='Email'  aria-invalid=\"false\" \/>\n                        <\/div><\/li><li id='field_1_8'  class='gfield gf_left_half field_sublabel_below field_description_below gfield_visibility_visible' ><label class='gfield_label' for='input_1_8' ><\/label><div class='ginput_container ginput_container_text'><input name='input_8' id='input_1_8' type='text' value='' class='form-control medium'    placeholder='Types de lames'  aria-invalid=\"false\" \/><\/div><\/li><li id='field_1_9'  class='gfield gf_right_half field_sublabel_below field_description_below gfield_visibility_visible' ><label class='gfield_label' for='input_1_9' ><\/label><div class='ginput_container ginput_container_text'><input name='input_9' id='input_1_9' type='text' value='' class='form-control medium'    placeholder='Quantit\u00e9'  aria-invalid=\"false\" \/><\/div><\/li><li id='field_1_4'  class='gfield field_sublabel_below field_description_below gfield_visibility_visible' ><label class='gfield_label' for='input_1_4' ><\/label><div class='ginput_container ginput_container_textarea'><textarea name='input_4' id='input_1_4' class='form-control textarea medium'    placeholder='Message'  aria-invalid=\"false\"   rows='10' cols='50'><\/textarea><\/div><\/li><li id='field_1_10'  class='gfield field_sublabel_below field_description_below gfield_visibility_visible' ><label class='gfield_label' for='input_1_10' >CAPTCHA<\/label><div id='input_1_10' class='ginput_container ginput_recaptcha' data-sitekey='6LdZmacZAAAAAKmCa_v9WXpinPwC6k7JqSCCvFKf'  data-theme='light' data-tabindex='-1' data-size='invisible' data-badge='bottomright'><\/div><\/li>\n                            <\/ul><\/div>\n        <div class='gform_footer top_label'> <button class='button btn btn-default' id='gform_submit_button_1'><span>ENVOYEZ VOTRE MESSAGE<\/span><\/button> \n            <input type='hidden' class='gform_hidden' name='is_submit_1' value='1' \/>\n            <input type='hidden' class='gform_hidden' name='gform_submit' value='1' \/>\n            \n            <input type='hidden' class='gform_hidden' name='gform_unique_id' value='' \/>\n            <input type='hidden' class='gform_hidden' name='state_1' value='WyJbXSIsIjQ3NjU2NmExNDMzZTg4ODBjOWVmMDkyNTE4M2QwNDY3Il0=' \/>\n            <input type='hidden' class='gform_hidden' name='gform_target_page_number_1' id='gform_target_page_number_1' value='0' \/>\n            <input type='hidden' class='gform_hidden' name='gform_source_page_number_1' id='gform_source_page_number_1' value='1' \/>\n            <input type='hidden' name='gform_field_values' value='' \/>\n            \n        <\/div>\n                        <\/form>\n                        <\/div><script type='text\/javascript'> jQuery(document).bind('gform_post_render', function(event, formId, currentPage){if(formId == 1) {if(typeof Placeholders != 'undefined'){\n                        Placeholders.enable();\n                    }} } );jQuery(document).bind('gform_post_conditional_logic', function(event, formId, fields, isInit){} );<\/script><script type='text\/javascript'> jQuery(document).ready(function(){jQuery(document).trigger('gform_post_render', [1, 1]) } ); <\/script>\n","protected":false},"excerpt":{"rendered":"<p>Du rechargement dur, \u00e0 l&#8217;affutage industriel, BKS vous offre \u00e9galement une vari\u00e9t\u00e9 de services suppl\u00e9mentaires, dont la fabrication de lames sur-mesure pour l&#8217;industrie du plastique. BKS produit une partie importante de ses couteaux en interne. Le mat\u00e9riel utilis\u00e9 provient uniquement de fournisseurs renomm\u00e9s et est stock\u00e9 dans notre entrep\u00f4t. \u00c0 la r\u00e9ception d&#8217;une commande, nos [&hellip;]<\/p>\n","protected":false},"author":4,"featured_media":0,"parent":0,"menu_order":43,"comment_status":"closed","ping_status":"closed","template":"template-services.php","meta":[],"yoast_head":"<!-- This site is optimized with the Yoast SEO plugin v15.7 - https:\/\/yoast.com\/wordpress\/plugins\/seo\/ -->\n<title>Fabricant de lames et couteaux industriels personnalis\u00e9s<\/title>\n<meta name=\"description\" content=\"D\u00e9couvrez l&#039;offre de BKS, fabricant de lames sur-mesure. BKS produit des couteaux de qualit\u00e9 et certifi\u00e9s, en fonction de vos demandes.\" \/>\n<meta name=\"robots\" content=\"index, follow, max-snippet:-1, max-image-preview:large, max-video-preview:-1\" \/>\n<link rel=\"canonical\" href=\"https:\/\/www.bks-knives.com\/fr\/fabricant-lame-sur-mesure\/\" \/>\n<meta property=\"og:locale\" content=\"fr_FR\" \/>\n<meta property=\"og:type\" content=\"article\" \/>\n<meta property=\"og:title\" content=\"Fabricant de lames et couteaux industriels personnalis\u00e9s\" \/>\n<meta property=\"og:description\" content=\"D\u00e9couvrez l&#039;offre de BKS, fabricant de lames sur-mesure. BKS produit des couteaux de qualit\u00e9 et certifi\u00e9s, en fonction de vos demandes.\" \/>\n<meta property=\"og:url\" content=\"https:\/\/www.bks-knives.com\/fr\/fabricant-lame-sur-mesure\/\" \/>\n<meta property=\"og:site_name\" content=\"BKS\" \/>\n<meta property=\"article:publisher\" content=\"https:\/\/www.facebook.com\/BKS-Industrial-Knives-Pelletizing-Knives-400232496659924\/\" \/>\n<meta property=\"article:modified_time\" content=\"2021-05-12T14:28:12+00:00\" \/>\n<meta property=\"og:image\" content=\"https:\/\/www.bks-knives.com\/content\/uploads\/2019\/05\/bks_knives_FB.jpg\" \/>\n\t<meta property=\"og:image:width\" content=\"1908\" \/>\n\t<meta property=\"og:image:height\" content=\"941\" \/>\n<meta name=\"twitter:card\" content=\"summary_large_image\" \/>\n<meta name=\"twitter:label1\" content=\"Dur\u00e9e de lecture est.\">\n\t<meta name=\"twitter:data1\" content=\"2 minutes\">\n<script type=\"application\/ld+json\" class=\"yoast-schema-graph\">{\"@context\":\"https:\/\/schema.org\",\"@graph\":[{\"@type\":\"Organization\",\"@id\":\"https:\/\/www.bks-knives.com\/th\/#organization\",\"name\":\"BKS\",\"url\":\"https:\/\/www.bks-knives.com\/th\/\",\"sameAs\":[\"https:\/\/www.facebook.com\/BKS-Industrial-Knives-Pelletizing-Knives-400232496659924\/\",\"https:\/\/www.linkedin.com\/company\/b-k-s-\/?trk=ppro_cprof\"],\"logo\":{\"@type\":\"ImageObject\",\"@id\":\"https:\/\/www.bks-knives.com\/th\/#logo\",\"inLanguage\":\"fr-FR\",\"url\":\"https:\/\/www.bks-knives.com\/content\/uploads\/2018\/05\/bks-logo.png\",\"width\":178,\"height\":112,\"caption\":\"BKS\"},\"image\":{\"@id\":\"https:\/\/www.bks-knives.com\/th\/#logo\"}},{\"@type\":\"WebSite\",\"@id\":\"https:\/\/www.bks-knives.com\/th\/#website\",\"url\":\"https:\/\/www.bks-knives.com\/th\/\",\"name\":\"BKS\",\"description\":\"High end partner for all industrial cutting processes\",\"publisher\":{\"@id\":\"https:\/\/www.bks-knives.com\/th\/#organization\"},\"potentialAction\":[{\"@type\":\"SearchAction\",\"target\":\"https:\/\/www.bks-knives.com\/th\/?s={search_term_string}\",\"query-input\":\"required name=search_term_string\"}],\"inLanguage\":\"fr-FR\"},{\"@type\":\"WebPage\",\"@id\":\"https:\/\/www.bks-knives.com\/fr\/fabricant-lame-sur-mesure\/#webpage\",\"url\":\"https:\/\/www.bks-knives.com\/fr\/fabricant-lame-sur-mesure\/\",\"name\":\"Fabricant de lames et couteaux industriels personnalis\\u00e9s\",\"isPartOf\":{\"@id\":\"https:\/\/www.bks-knives.com\/th\/#website\"},\"datePublished\":\"2020-11-09T14:37:18+00:00\",\"dateModified\":\"2021-05-12T14:28:12+00:00\",\"description\":\"D\\u00e9couvrez l'offre de BKS, fabricant de lames sur-mesure. BKS produit des couteaux de qualit\\u00e9 et certifi\\u00e9s, en fonction de vos demandes.\",\"breadcrumb\":{\"@id\":\"https:\/\/www.bks-knives.com\/fr\/fabricant-lame-sur-mesure\/#breadcrumb\"},\"inLanguage\":\"fr-FR\",\"potentialAction\":[{\"@type\":\"ReadAction\",\"target\":[\"https:\/\/www.bks-knives.com\/fr\/fabricant-lame-sur-mesure\/\"]}]},{\"@type\":\"BreadcrumbList\",\"@id\":\"https:\/\/www.bks-knives.com\/fr\/fabricant-lame-sur-mesure\/#breadcrumb\",\"itemListElement\":[{\"@type\":\"ListItem\",\"position\":1,\"item\":{\"@type\":\"WebPage\",\"@id\":\"https:\/\/www.bks-knives.com\/fr\/\",\"url\":\"https:\/\/www.bks-knives.com\/fr\/\",\"name\":\"Home\"}},{\"@type\":\"ListItem\",\"position\":2,\"item\":{\"@type\":\"WebPage\",\"@id\":\"https:\/\/www.bks-knives.com\/fr\/fabricant-lame-sur-mesure\/\",\"url\":\"https:\/\/www.bks-knives.com\/fr\/fabricant-lame-sur-mesure\/\",\"name\":\"Fabricant de lame sur-mesure\"}}]}]}<\/script>\n<!-- \/ Yoast SEO plugin. -->","_links":{"self":[{"href":"https:\/\/www.bks-knives.com\/fr\/wp-json\/wp\/v2\/pages\/1532"}],"collection":[{"href":"https:\/\/www.bks-knives.com\/fr\/wp-json\/wp\/v2\/pages"}],"about":[{"href":"https:\/\/www.bks-knives.com\/fr\/wp-json\/wp\/v2\/types\/page"}],"author":[{"embeddable":true,"href":"https:\/\/www.bks-knives.com\/fr\/wp-json\/wp\/v2\/users\/4"}],"replies":[{"embeddable":true,"href":"https:\/\/www.bks-knives.com\/fr\/wp-json\/wp\/v2\/comments?post=1532"}],"version-history":[{"count":25,"href":"https:\/\/www.bks-knives.com\/fr\/wp-json\/wp\/v2\/pages\/1532\/revisions"}],"predecessor-version":[{"id":2744,"href":"https:\/\/www.bks-knives.com\/fr\/wp-json\/wp\/v2\/pages\/1532\/revisions\/2744"}],"wp:attachment":[{"href":"https:\/\/www.bks-knives.com\/fr\/wp-json\/wp\/v2\/media?parent=1532"}],"curies":[{"name":"wp","href":"https:\/\/api.w.org\/{rel}","templated":true}]}}