{"id":1349,"date":"2018-05-16T11:06:31","date_gmt":"2018-05-16T09:06:31","guid":{"rendered":"http:\/\/www.bks-knives.com\/products-application\/"},"modified":"2022-01-11T15:35:12","modified_gmt":"2022-01-11T14:35:12","slug":"produits-application","status":"publish","type":"page","link":"https:\/\/www.bks-knives.com\/fr\/produits-application\/","title":{"rendered":"Produits et Application"},"content":{"rendered":"<p>En tant que fabricant de couteaux industriels, BKS propose une large gamme de lames industrielles sur mesure, telles que des couteaux rotatifs (industrie du plastique), des couteaux circulaires et <a href=\"https:\/\/www.bks-knives.com\/fr\/\">couteaux industriels de pr\u00e9cision<\/a>, des couteaux droits industriels, des lames dent\u00e9es et bien d&#8217;autres encore. BKS propose \u00e0 la fois la cr\u00e9ation de nouvelles lames et l&#8217;aff\u00fbtage de lames sur diverses machines de tournage, de fraisage, de soudage et bien s\u00fbr d&#8217;aff\u00fbtage. L&#8217;entreprise propose des lames industrielles de haute qualit\u00e9 \u00e0 diff\u00e9rents types d&#8217;entreprises industrielles. Les lames fournies par BKS sont utilis\u00e9es dans une grande vari\u00e9t\u00e9 d&#8217;applications telles que le bois, le plastique, le m\u00e9tal et le papier et sont exclusivement destin\u00e9es aux processus de coupe industriels.<\/p>\n<h2>Notre offre<\/h2>\n<p>BKS est une entreprise de fabrication de lames depuis 1983. L&#8217;entreprise est experte dans la production de lames et de couteaux de qualit\u00e9 industrielle. Les produits fabriqu\u00e9s par BKS sont con\u00e7us en Europe et en Asie avec une constante : Qualit\u00e9 OEM. En tant que leader dans la fabrication de couteaux industriels, BKS produit des couteaux et des lames de haute qualit\u00e9 pour vos besoins professionnels.<\/p>\n<p>La soci\u00e9t\u00e9 propose diff\u00e9rentes sortes de couteaux. Par exemple, BKS r\u00e9alise la fabrication et l&#8217;entretien de :<\/p>\n<ul>\n<li>Couteaux pour plaque de granulateur<\/li>\n<li>Couteaux \u00e0 d\u00e9couper<\/li>\n<li><a href=\"https:\/\/www.bks-knives.com\/fr\/produit\/couteaux-emballage\/\">Couteaux d&#8217;emballage<\/a><\/li>\n<li><a href=\"https:\/\/www.bks-knives.com\/fr\/produit\/filiere-extrusion\/\">Die plates<\/a><\/li>\n<li>Couteaux rotatifs<\/li>\n<li><a href=\"https:\/\/www.bks-knives.com\/fr\/produit\/rotor\/\">Rotors<\/a><\/li>\n<li><a href=\"https:\/\/www.bks-knives.com\/fr\/produit\/lame-broyeur\/\">Lames de broyeurs industriels<\/a><\/li>\n<li><a href=\"https:\/\/www.bks-knives.com\/fr\/produit\/lame-rasoir-industrielle\/\">Lames de rasoir industrielles<\/a><\/li>\n<li>Couteaux de machines industrielles<\/li>\n<li><a href=\"https:\/\/www.bks-knives.com\/fr\/produit\/couteau-lame-dentee\/\">Couteaux ondul\u00e9s et zigzag<\/a><\/li>\n<li>Air knife<\/li>\n<li>Lames de broyeurs \u00e0 bois<\/li>\n<li>D\u00e9coupeur de papier industriel<\/li>\n<li>D\u00e9chiqueteur de m\u00e9taux<\/li>\n<\/ul>\n<p>La production et la maintenance ne sont pas les seuls services fournis par la BKS. Les entreprises industrielles ont acc\u00e8s \u00e0 un large \u00e9ventail d&#8217;autres services tels que <a href=\"http:\/\/www.bks-knives.com\/fr\/atelier-rectification-affutage\/\">l&#8217;aff\u00fbtage et la rectification des couteaux<\/a>, la <a href=\"http:\/\/www.bks-knives.com\/fr\/rechargement-par-soudure\/\">maintenance et le re soudage de lames<\/a> usag\u00e9es.<br \/>\nEn outre, BKS est \u00e9galement un expert en usinage de pr\u00e9cision. Nos valeurs d&#8217;excellence, d&#8217;int\u00e9grit\u00e9 et de cr\u00e9ativit\u00e9 nous tiennent \u00e0 c\u0153ur, et nous mettons tout en \u0153uvre pour vous fournir des lames de qualit\u00e9 \u00e0 votre enti\u00e8re satisfaction.<\/p>\n<p>Nous sommes fiers d&#8217;\u00eatre l&#8217;un des principaux fabricants de couteaux industriels. Alors, que vous cherchiez une lame neuve, fiable et sur mesure pour votre machine, ou que vous en ayez une qui n\u00e9cessite une petite modification : dans tous les cas, BKS est \u00e0 votre disposition.<\/p>\n","protected":false},"excerpt":{"rendered":"<p>En tant que fabricant de couteaux industriels, BKS propose une large gamme de lames industrielles sur mesure, telles que des couteaux rotatifs (industrie du plastique), des couteaux circulaires et couteaux industriels de pr\u00e9cision, des couteaux droits industriels, des lames dent\u00e9es et bien d&#8217;autres encore. BKS propose \u00e0 la fois la cr\u00e9ation de nouvelles lames et [&hellip;]<\/p>\n","protected":false},"author":1,"featured_media":0,"parent":0,"menu_order":51,"comment_status":"closed","ping_status":"closed","template":"template-products.php","meta":[],"yoast_head":"<!-- This site is optimized with the Yoast SEO plugin v15.7 - https:\/\/yoast.com\/wordpress\/plugins\/seo\/ -->\n<title>Lames BKS : d\u00e9coupe plastique, papier et acier, broyage bois<\/title>\n<meta name=\"description\" content=\"BKS Knives poss\u00e8de une large gamme de couteaux industriels allant des couteaux de broyeur aux lames pour l&#039;industrie du plastique\" \/>\n<meta name=\"robots\" content=\"index, follow, max-snippet:-1, max-image-preview:large, max-video-preview:-1\" \/>\n<link rel=\"canonical\" href=\"https:\/\/www.bks-knives.com\/fr\/produits-application\/\" \/>\n<meta property=\"og:locale\" content=\"fr_FR\" \/>\n<meta property=\"og:type\" content=\"article\" \/>\n<meta property=\"og:title\" content=\"Lames BKS : d\u00e9coupe plastique, papier et acier, broyage bois\" \/>\n<meta property=\"og:description\" content=\"BKS Knives poss\u00e8de une large gamme de couteaux industriels allant des couteaux de broyeur aux lames pour l&#039;industrie du plastique\" \/>\n<meta property=\"og:url\" content=\"https:\/\/www.bks-knives.com\/fr\/produits-application\/\" \/>\n<meta property=\"og:site_name\" content=\"BKS\" \/>\n<meta property=\"article:publisher\" content=\"https:\/\/www.facebook.com\/BKS-Industrial-Knives-Pelletizing-Knives-400232496659924\/\" \/>\n<meta property=\"article:modified_time\" content=\"2022-01-11T14:35:12+00:00\" \/>\n<meta property=\"og:image\" content=\"https:\/\/www.bks-knives.com\/content\/uploads\/2019\/05\/bks_knives_FB.jpg\" \/>\n\t<meta property=\"og:image:width\" content=\"1908\" \/>\n\t<meta property=\"og:image:height\" content=\"941\" \/>\n<meta name=\"twitter:card\" content=\"summary_large_image\" \/>\n<meta name=\"twitter:label1\" content=\"Dur\u00e9e de lecture est.\">\n\t<meta name=\"twitter:data1\" content=\"2 minutes\">\n<script type=\"application\/ld+json\" class=\"yoast-schema-graph\">{\"@context\":\"https:\/\/schema.org\",\"@graph\":[{\"@type\":\"Organization\",\"@id\":\"https:\/\/www.bks-knives.com\/th\/#organization\",\"name\":\"BKS\",\"url\":\"https:\/\/www.bks-knives.com\/th\/\",\"sameAs\":[\"https:\/\/www.facebook.com\/BKS-Industrial-Knives-Pelletizing-Knives-400232496659924\/\",\"https:\/\/www.linkedin.com\/company\/b-k-s-\/?trk=ppro_cprof\"],\"logo\":{\"@type\":\"ImageObject\",\"@id\":\"https:\/\/www.bks-knives.com\/th\/#logo\",\"inLanguage\":\"fr-FR\",\"url\":\"https:\/\/www.bks-knives.com\/content\/uploads\/2018\/05\/bks-logo.png\",\"width\":178,\"height\":112,\"caption\":\"BKS\"},\"image\":{\"@id\":\"https:\/\/www.bks-knives.com\/th\/#logo\"}},{\"@type\":\"WebSite\",\"@id\":\"https:\/\/www.bks-knives.com\/th\/#website\",\"url\":\"https:\/\/www.bks-knives.com\/th\/\",\"name\":\"BKS\",\"description\":\"High end partner for all industrial cutting processes\",\"publisher\":{\"@id\":\"https:\/\/www.bks-knives.com\/th\/#organization\"},\"potentialAction\":[{\"@type\":\"SearchAction\",\"target\":\"https:\/\/www.bks-knives.com\/th\/?s={search_term_string}\",\"query-input\":\"required name=search_term_string\"}],\"inLanguage\":\"fr-FR\"},{\"@type\":\"WebPage\",\"@id\":\"https:\/\/www.bks-knives.com\/fr\/produits-application\/#webpage\",\"url\":\"https:\/\/www.bks-knives.com\/fr\/produits-application\/\",\"name\":\"Lames BKS : d\\u00e9coupe plastique, papier et acier, broyage bois\",\"isPartOf\":{\"@id\":\"https:\/\/www.bks-knives.com\/th\/#website\"},\"datePublished\":\"2018-05-16T09:06:31+00:00\",\"dateModified\":\"2022-01-11T14:35:12+00:00\",\"description\":\"BKS Knives poss\\u00e8de une large gamme de couteaux industriels allant des couteaux de broyeur aux lames pour l'industrie du plastique\",\"breadcrumb\":{\"@id\":\"https:\/\/www.bks-knives.com\/fr\/produits-application\/#breadcrumb\"},\"inLanguage\":\"fr-FR\",\"potentialAction\":[{\"@type\":\"ReadAction\",\"target\":[\"https:\/\/www.bks-knives.com\/fr\/produits-application\/\"]}]},{\"@type\":\"BreadcrumbList\",\"@id\":\"https:\/\/www.bks-knives.com\/fr\/produits-application\/#breadcrumb\",\"itemListElement\":[{\"@type\":\"ListItem\",\"position\":1,\"item\":{\"@type\":\"WebPage\",\"@id\":\"https:\/\/www.bks-knives.com\/fr\/\",\"url\":\"https:\/\/www.bks-knives.com\/fr\/\",\"name\":\"Home\"}},{\"@type\":\"ListItem\",\"position\":2,\"item\":{\"@type\":\"WebPage\",\"@id\":\"https:\/\/www.bks-knives.com\/fr\/produits-application\/\",\"url\":\"https:\/\/www.bks-knives.com\/fr\/produits-application\/\",\"name\":\"Produits et Application\"}}]}]}<\/script>\n<!-- \/ Yoast SEO plugin. -->","_links":{"self":[{"href":"https:\/\/www.bks-knives.com\/fr\/wp-json\/wp\/v2\/pages\/1349"}],"collection":[{"href":"https:\/\/www.bks-knives.com\/fr\/wp-json\/wp\/v2\/pages"}],"about":[{"href":"https:\/\/www.bks-knives.com\/fr\/wp-json\/wp\/v2\/types\/page"}],"author":[{"embeddable":true,"href":"https:\/\/www.bks-knives.com\/fr\/wp-json\/wp\/v2\/users\/1"}],"replies":[{"embeddable":true,"href":"https:\/\/www.bks-knives.com\/fr\/wp-json\/wp\/v2\/comments?post=1349"}],"version-history":[{"count":11,"href":"https:\/\/www.bks-knives.com\/fr\/wp-json\/wp\/v2\/pages\/1349\/revisions"}],"predecessor-version":[{"id":2990,"href":"https:\/\/www.bks-knives.com\/fr\/wp-json\/wp\/v2\/pages\/1349\/revisions\/2990"}],"wp:attachment":[{"href":"https:\/\/www.bks-knives.com\/fr\/wp-json\/wp\/v2\/media?parent=1349"}],"curies":[{"name":"wp","href":"https:\/\/api.w.org\/{rel}","templated":true}]}}